{"id":76570,"date":"2025-11-19T14:39:20","date_gmt":"2025-11-19T13:39:20","guid":{"rendered":"https:\/\/online-software-ag.com\/?page_id=76570"},"modified":"2025-11-19T14:39:48","modified_gmt":"2025-11-19T13:39:48","slug":"salgsomrade","status":"publish","type":"page","link":"https:\/\/online-software-ag.com\/da\/lexikon\/verkaufsflaeche\/","title":{"rendered":"Salgsomr\u00e5de"},"content":{"rendered":"<div data-elementor-type=\"wp-page\" data-elementor-id=\"76570\" class=\"elementor elementor-76570\" data-elementor-post-type=\"page\">\n\t\t\t\t\t\t<section class=\"elementor-section elementor-top-section elementor-element elementor-element-02d2524 elementor-section-content-space-between wrapper-wide section-normal elementor-section-boxed elementor-section-height-default elementor-section-height-default default\" data-id=\"02d2524\" data-element_type=\"section\" data-e-type=\"section\" data-settings=\"{&quot;background_background&quot;:&quot;classic&quot;}\">\n\t\t\t\t\t\t\t<div class=\"elementor-background-overlay\"><\/div>\n\t\t\t\t\t\t\t<div class=\"elementor-container elementor-column-gap-default\">\n\t\t\t\t\t<div class=\"elementor-column elementor-col-100 elementor-top-column elementor-element elementor-element-0b544df\" data-id=\"0b544df\" data-element_type=\"column\" data-e-type=\"column\">\n\t\t\t<div class=\"elementor-widget-wrap elementor-element-populated\">\n\t\t\t\t\t\t<div class=\"elementor-element elementor-element-fd9770a elementor-widget-tablet__width-inherit switch-dark elementor-widget elementor-widget-heading\" data-id=\"fd9770a\" data-element_type=\"widget\" data-e-type=\"widget\" data-widget_type=\"heading.default\">\n\t\t\t\t<div class=\"elementor-widget-container\">\n\t\t\t\t\t<h2 class=\"elementor-heading-title elementor-size-default\">POS-leksikon<\/h2>\t\t\t\t<\/div>\n\t\t\t\t<\/div>\n\t\t\t\t\t<\/div>\n\t\t<\/div>\n\t\t\t\t\t<\/div>\n\t\t<\/section>\n\t\t\t\t<section class=\"elementor-section elementor-top-section elementor-element elementor-element-cd2249f wrapper-wide section-normal elementor-section-boxed elementor-section-height-default elementor-section-height-default default\" data-id=\"cd2249f\" data-element_type=\"section\" data-e-type=\"section\">\n\t\t\t\t\t\t<div class=\"elementor-container elementor-column-gap-no\">\n\t\t\t\t\t<div class=\"elementor-column elementor-col-100 elementor-top-column elementor-element elementor-element-e3e7988\" data-id=\"e3e7988\" data-element_type=\"column\" data-e-type=\"column\">\n\t\t\t<div class=\"elementor-widget-wrap elementor-element-populated\">\n\t\t\t\t\t\t<div class=\"elementor-element elementor-element-14b381b elementor-widget-tablet__width-inherit switch-dark elementor-widget elementor-widget-heading\" data-id=\"14b381b\" data-element_type=\"widget\" data-e-type=\"widget\" data-widget_type=\"heading.default\">\n\t\t\t\t<div class=\"elementor-widget-container\">\n\t\t\t\t\t<h1 class=\"elementor-heading-title elementor-size-default\">Salgsomr\u00e5de<\/h1>\t\t\t\t<\/div>\n\t\t\t\t<\/div>\n\t\t\t\t<div class=\"elementor-element elementor-element-ce19490 elementor-widget elementor-widget-text-editor\" data-id=\"ce19490\" data-element_type=\"widget\" data-e-type=\"widget\" data-widget_type=\"text-editor.default\">\n\t\t\t\t<div class=\"elementor-widget-container\">\n\t\t\t\t\t\t\t\t\t<p>Den <strong>Salgsomr\u00e5de<\/strong> henviser til det omr\u00e5de i en station\u00e6r butik, hvor produkterne pr\u00e6senteres og s\u00e6lges. Det er midtpunktet i salgsstedet (POS) og har stor indflydelse p\u00e5 indk\u00f8bsoplevelsen. Ud over hyldeplacering, gangbroer og belysningskoncepter er det prim\u00e6rt visuel markedsf\u00f8ring, der afg\u00f8r, hvor i\u00f8jnefaldende omr\u00e5det er.<br \/><br \/>Med moderne POS-marketingsoftware som f.eks. <strong>PRESTIGEvirksomhed<\/strong> Salgsomr\u00e5det kan bruges m\u00e5lrettet - f.eks. med digitale sk\u00e6rme, der viser tilbud, brandbudskaber eller yderligere information p\u00e5 et bestemt sted og p\u00e5 et bestemt tidspunkt. Interaktive elementer som touchscreens eller QR-koder udvider ogs\u00e5 rummets funktionalitet og \u00f8ger opholdstiden. M\u00e5let er ikke kun at udnytte salgsomr\u00e5det optimalt, men ogs\u00e5 at forvandle det til en inspirerende, databaseret oplevelsesverden.<\/p>\t\t\t\t\t\t\t\t<\/div>\n\t\t\t\t<\/div>\n\t\t\t\t<div class=\"elementor-element elementor-element-72e1abb elementor-widget elementor-widget-text-editor\" data-id=\"72e1abb\" data-element_type=\"widget\" data-e-type=\"widget\" data-widget_type=\"text-editor.default\">\n\t\t\t\t<div class=\"elementor-widget-container\">\n\t\t\t\t\t\t\t\t\t<p>Online Software AG er din st\u00e6rke partner inden for POS-marketingl\u00f8sninger. Vores <a title=\"POS marketing software\" href=\"\/da\/software\/\"><span style=\"text-decoration: underline;\">POS marketing software<\/span><\/a> PRESTIGEenterprise st\u00f8tter dig med f\u00f8lgende funktioner:<\/p><ul><li><p>- <span style=\"text-decoration: underline;\"><a title=\"POS-l\u00f8sninger\" href=\"\/da\/losninger\/\">POS-l\u00f8sninger<\/a><\/span><\/p><\/li><li><p>- <span style=\"text-decoration: underline;\"><a title=\"L\u00f8sninger til digital skiltning\" href=\"\/da\/losninger\/digital-skiltning\/\">L\u00f8sninger til digital skiltning<\/a><\/span><\/p><\/li><li><p>- L\u00f8sninger til <span style=\"text-decoration: underline;\"><a title=\"digitale prisskilte\" href=\"\/da\/elektroniske-prisskilte\/\">digitale prisskilte<\/a><\/span> (ESL)<\/p><\/li><li><p>- <span style=\"text-decoration: underline;\"><a title=\"Printl\u00f8sninger\" href=\"\/da\/losninger\/print\/\">Printl\u00f8sninger<\/a><\/span><\/p><\/li><li><p>- <span style=\"text-decoration: underline;\"><a title=\"Mobile marketingl\u00f8sninger\" href=\"\/da\/losninger\/mobil\/\">Mobile marketingl\u00f8sninger<\/a><\/span><\/p><\/li><li><p>- <a title=\"Mediel\u00f8sninger til detailhandlen\" href=\"\/da\/detailmedier\/\"><span style=\"text-decoration: underline;\">Mediel\u00f8sninger til detailhandlen<\/span><\/a><\/p><\/li><\/ul>\t\t\t\t\t\t\t\t<\/div>\n\t\t\t\t<\/div>\n\t\t\t\t\t<\/div>\n\t\t<\/div>\n\t\t\t\t\t<\/div>\n\t\t<\/section>\n\t\t\t\t<section class=\"elementor-section elementor-top-section elementor-element elementor-element-043bf5e elementor-section-full_width wrapper-wide section-normal elementor-section-height-default elementor-section-height-default default\" data-id=\"043bf5e\" data-element_type=\"section\" data-e-type=\"section\">\n\t\t\t\t\t\t<div class=\"elementor-container elementor-column-gap-no\">\n\t\t\t\t\t<div class=\"elementor-column elementor-col-100 elementor-top-column elementor-element elementor-element-46dfce5\" data-id=\"46dfce5\" data-element_type=\"column\" data-e-type=\"column\">\n\t\t\t<div class=\"elementor-widget-wrap\">\n\t\t\t\t\t\t\t<\/div>\n\t\t<\/div>\n\t\t\t\t\t<\/div>\n\t\t<\/section>\n\t\t\t\t<section class=\"elementor-section elementor-top-section elementor-element elementor-element-76a88c2 wrapper-wide section-normal elementor-section-boxed elementor-section-height-default elementor-section-height-default default\" data-id=\"76a88c2\" data-element_type=\"section\" data-e-type=\"section\" data-settings=\"{&quot;background_background&quot;:&quot;classic&quot;}\">\n\t\t\t\t\t\t<div class=\"elementor-container elementor-column-gap-no\">\n\t\t\t\t\t<div class=\"elementor-column elementor-col-100 elementor-top-column elementor-element elementor-element-86c5345\" data-id=\"86c5345\" data-element_type=\"column\" data-e-type=\"column\">\n\t\t\t<div class=\"elementor-widget-wrap elementor-element-populated\">\n\t\t\t\t\t\t<div class=\"elementor-element elementor-element-1e0ab76 elementor-widget elementor-widget-heading\" data-id=\"1e0ab76\" data-element_type=\"widget\" data-e-type=\"widget\" data-widget_type=\"heading.default\">\n\t\t\t\t<div class=\"elementor-widget-container\">\n\t\t\t\t\t<h3 class=\"elementor-heading-title elementor-size-default\">Du er interesseret i <br>kommunikation ved POS? <\/h3>\t\t\t\t<\/div>\n\t\t\t\t<\/div>\n\t\t\t\t<div class=\"elementor-element elementor-element-5f7bf4a elementor-widget elementor-widget-naylabutton\" data-id=\"5f7bf4a\" data-element_type=\"widget\" data-e-type=\"widget\" data-widget_type=\"naylabutton.default\">\n\t\t\t\t<div class=\"elementor-widget-container\">\n\t\t\t\t\t\n\n<!--  Button -->\n<div class=\"nayla-button fill icon-right  cursor-default\" >\n\n    <span class=\"left-icon\"><i aria-hidden=\"true\" class=\"material-icons md-arrow_outward\" data-md-icon=\"arrow_outward\"><\/i><\/span>\n\n    <a target=\"_self\" href=\"https:\/\/online-software-ag.com\/da\/tilmelding-til-nyhedsbrev\/\">Tilmeld dig nyhedsbrevet nu<\/a>\n\n    <span class=\"right-icon\"><i aria-hidden=\"true\" class=\"material-icons md-arrow_outward\" data-md-icon=\"arrow_outward\"><\/i><\/span>\n\n<\/div>\n<!--\/ Button -->\n\n\n\t\t\t\t<\/div>\n\t\t\t\t<\/div>\n\t\t\t\t\t<\/div>\n\t\t<\/div>\n\t\t\t\t\t<\/div>\n\t\t<\/section>\n\t\t\t\t<section class=\"elementor-section elementor-top-section elementor-element elementor-element-55d91a3 wrapper-wide section-normal elementor-section-boxed elementor-section-height-default elementor-section-height-default default\" data-id=\"55d91a3\" data-element_type=\"section\" data-e-type=\"section\">\n\t\t\t\t\t\t<div class=\"elementor-container elementor-column-gap-default\">\n\t\t\t\t\t<div class=\"elementor-column elementor-col-100 elementor-top-column elementor-element elementor-element-72407ca\" data-id=\"72407ca\" data-element_type=\"column\" data-e-type=\"column\">\n\t\t\t<div class=\"elementor-widget-wrap\">\n\t\t\t\t\t\t\t<\/div>\n\t\t<\/div>\n\t\t\t\t\t<\/div>\n\t\t<\/section>\n\t\t\t\t<\/div>","protected":false},"excerpt":{"rendered":"<p>POS Lexikon Verkaufsfl\u00e4che Die Verkaufsfl&auml;che bezeichnet den Bereich eines station&auml;ren Gesch&auml;fts, in dem Produkte pr&auml;sentiert und verkauft werden. Sie ist das Herzst&uuml;ck des Point of Sales (POS) und hat ma&szlig;geblichen [&hellip;]<\/p>\n","protected":false},"author":6,"featured_media":0,"parent":75424,"menu_order":0,"comment_status":"closed","ping_status":"closed","template":"elementor_header_footer","meta":{"_acf_changed":false,"footnotes":""},"class_list":["post-76570","page","type-page","status-publish","hentry"],"acf":[],"yoast_head":"<!-- This site is optimized with the Yoast SEO plugin v27.1.1 - https:\/\/yoast.com\/product\/yoast-seo-wordpress\/ -->\n<title>Verkaufsfl\u00e4che - Online Software AG<\/title>\n<meta name=\"robots\" content=\"index, follow, max-snippet:-1, max-image-preview:large, max-video-preview:-1\" \/>\n<link rel=\"canonical\" href=\"https:\/\/online-software-ag.com\/da\/leksikon\/salgsomrade\/\" \/>\n<meta property=\"og:locale\" content=\"da_DK\" \/>\n<meta property=\"og:type\" content=\"article\" \/>\n<meta property=\"og:title\" content=\"Verkaufsfl\u00e4che - Online Software AG\" \/>\n<meta property=\"og:description\" content=\"POS Lexikon Verkaufsfl\u00e4che Die Verkaufsfl&auml;che bezeichnet den Bereich eines station&auml;ren Gesch&auml;fts, in dem Produkte pr&auml;sentiert und verkauft werden. Sie ist das Herzst&uuml;ck des Point of Sales (POS) und hat ma&szlig;geblichen [&hellip;]\" \/>\n<meta property=\"og:url\" content=\"https:\/\/online-software-ag.com\/da\/leksikon\/salgsomrade\/\" \/>\n<meta property=\"og:site_name\" content=\"Online Software AG\" \/>\n<meta property=\"article:modified_time\" content=\"2025-11-19T13:39:48+00:00\" \/>\n<meta name=\"twitter:card\" content=\"summary_large_image\" \/>\n<meta name=\"twitter:label1\" content=\"Estimeret l\u00e6setid\" \/>\n\t<meta name=\"twitter:data1\" content=\"1 minut\" \/>\n<script type=\"application\/ld+json\" class=\"yoast-schema-graph\">{\"@context\":\"https:\/\/schema.org\",\"@graph\":[{\"@type\":\"WebPage\",\"@id\":\"https:\/\/online-software-ag.com\/lexikon\/verkaufsflaeche\/\",\"url\":\"https:\/\/online-software-ag.com\/lexikon\/verkaufsflaeche\/\",\"name\":\"Verkaufsfl\u00e4che - Online Software AG\",\"isPartOf\":{\"@id\":\"https:\/\/online-software-ag.com\/#website\"},\"datePublished\":\"2025-11-19T13:39:20+00:00\",\"dateModified\":\"2025-11-19T13:39:48+00:00\",\"breadcrumb\":{\"@id\":\"https:\/\/online-software-ag.com\/lexikon\/verkaufsflaeche\/#breadcrumb\"},\"inLanguage\":\"da-DK\",\"potentialAction\":[{\"@type\":\"ReadAction\",\"target\":[\"https:\/\/online-software-ag.com\/lexikon\/verkaufsflaeche\/\"]}]},{\"@type\":\"BreadcrumbList\",\"@id\":\"https:\/\/online-software-ag.com\/lexikon\/verkaufsflaeche\/#breadcrumb\",\"itemListElement\":[{\"@type\":\"ListItem\",\"position\":1,\"name\":\"Startseite\",\"item\":\"https:\/\/online-software-ag.com\/\"},{\"@type\":\"ListItem\",\"position\":2,\"name\":\"Lexikon\",\"item\":\"https:\/\/online-software-ag.com\/lexikon\/\"},{\"@type\":\"ListItem\",\"position\":3,\"name\":\"Verkaufsfl\u00e4che\"}]},{\"@type\":\"WebSite\",\"@id\":\"https:\/\/online-software-ag.com\/#website\",\"url\":\"https:\/\/online-software-ag.com\/\",\"name\":\"Online Software AG\",\"description\":\"\",\"publisher\":{\"@id\":\"https:\/\/online-software-ag.com\/#organization\"},\"potentialAction\":[{\"@type\":\"SearchAction\",\"target\":{\"@type\":\"EntryPoint\",\"urlTemplate\":\"https:\/\/online-software-ag.com\/?s={search_term_string}\"},\"query-input\":{\"@type\":\"PropertyValueSpecification\",\"valueRequired\":true,\"valueName\":\"search_term_string\"}}],\"inLanguage\":\"da-DK\"},{\"@type\":\"Organization\",\"@id\":\"https:\/\/online-software-ag.com\/#organization\",\"name\":\"Online Software AG\",\"url\":\"https:\/\/online-software-ag.com\/\",\"logo\":{\"@type\":\"ImageObject\",\"inLanguage\":\"da-DK\",\"@id\":\"https:\/\/online-software-ag.com\/#\/schema\/logo\/image\/\",\"url\":\"https:\/\/online-software-ag.com\/wp-content\/uploads\/2023\/08\/OSAG_Logo_RGB_mit_Firmenname.png\",\"contentUrl\":\"https:\/\/online-software-ag.com\/wp-content\/uploads\/2023\/08\/OSAG_Logo_RGB_mit_Firmenname.png\",\"width\":1469,\"height\":874,\"caption\":\"Online Software AG\"},\"image\":{\"@id\":\"https:\/\/online-software-ag.com\/#\/schema\/logo\/image\/\"}}]}<\/script>\n<!-- \/ Yoast SEO plugin. -->","yoast_head_json":{"title":"Salgsomr\u00e5de - Online Software AG","robots":{"index":"index","follow":"follow","max-snippet":"max-snippet:-1","max-image-preview":"max-image-preview:large","max-video-preview":"max-video-preview:-1"},"canonical":"https:\/\/online-software-ag.com\/da\/leksikon\/salgsomrade\/","og_locale":"da_DK","og_type":"article","og_title":"Verkaufsfl\u00e4che - Online Software AG","og_description":"POS Lexikon Verkaufsfl\u00e4che Die Verkaufsfl&auml;che bezeichnet den Bereich eines station&auml;ren Gesch&auml;fts, in dem Produkte pr&auml;sentiert und verkauft werden. Sie ist das Herzst&uuml;ck des Point of Sales (POS) und hat ma&szlig;geblichen [&hellip;]","og_url":"https:\/\/online-software-ag.com\/da\/leksikon\/salgsomrade\/","og_site_name":"Online Software AG","article_modified_time":"2025-11-19T13:39:48+00:00","twitter_card":"summary_large_image","twitter_misc":{"Estimeret l\u00e6setid":"1 minut"},"schema":{"@context":"https:\/\/schema.org","@graph":[{"@type":"WebPage","@id":"https:\/\/online-software-ag.com\/lexikon\/verkaufsflaeche\/","url":"https:\/\/online-software-ag.com\/lexikon\/verkaufsflaeche\/","name":"Salgsomr\u00e5de - Online Software AG","isPartOf":{"@id":"https:\/\/online-software-ag.com\/#website"},"datePublished":"2025-11-19T13:39:20+00:00","dateModified":"2025-11-19T13:39:48+00:00","breadcrumb":{"@id":"https:\/\/online-software-ag.com\/lexikon\/verkaufsflaeche\/#breadcrumb"},"inLanguage":"da-DK","potentialAction":[{"@type":"ReadAction","target":["https:\/\/online-software-ag.com\/lexikon\/verkaufsflaeche\/"]}]},{"@type":"BreadcrumbList","@id":"https:\/\/online-software-ag.com\/lexikon\/verkaufsflaeche\/#breadcrumb","itemListElement":[{"@type":"ListItem","position":1,"name":"Startseite","item":"https:\/\/online-software-ag.com\/"},{"@type":"ListItem","position":2,"name":"Lexikon","item":"https:\/\/online-software-ag.com\/lexikon\/"},{"@type":"ListItem","position":3,"name":"Verkaufsfl\u00e4che"}]},{"@type":"WebSite","@id":"https:\/\/online-software-ag.com\/#website","url":"https:\/\/online-software-ag.com\/","name":"Online Software AG","description":"","publisher":{"@id":"https:\/\/online-software-ag.com\/#organization"},"potentialAction":[{"@type":"SearchAction","target":{"@type":"EntryPoint","urlTemplate":"https:\/\/online-software-ag.com\/?s={search_term_string}"},"query-input":{"@type":"PropertyValueSpecification","valueRequired":true,"valueName":"search_term_string"}}],"inLanguage":"da-DK"},{"@type":"Organization","@id":"https:\/\/online-software-ag.com\/#organization","name":"Online Software AG","url":"https:\/\/online-software-ag.com\/","logo":{"@type":"ImageObject","inLanguage":"da-DK","@id":"https:\/\/online-software-ag.com\/#\/schema\/logo\/image\/","url":"https:\/\/online-software-ag.com\/wp-content\/uploads\/2023\/08\/OSAG_Logo_RGB_mit_Firmenname.png","contentUrl":"https:\/\/online-software-ag.com\/wp-content\/uploads\/2023\/08\/OSAG_Logo_RGB_mit_Firmenname.png","width":1469,"height":874,"caption":"Online Software AG"},"image":{"@id":"https:\/\/online-software-ag.com\/#\/schema\/logo\/image\/"}}]}},"_links":{"self":[{"href":"https:\/\/online-software-ag.com\/da\/wp-json\/wp\/v2\/pages\/76570","targetHints":{"allow":["GET"]}}],"collection":[{"href":"https:\/\/online-software-ag.com\/da\/wp-json\/wp\/v2\/pages"}],"about":[{"href":"https:\/\/online-software-ag.com\/da\/wp-json\/wp\/v2\/types\/page"}],"author":[{"embeddable":true,"href":"https:\/\/online-software-ag.com\/da\/wp-json\/wp\/v2\/users\/6"}],"replies":[{"embeddable":true,"href":"https:\/\/online-software-ag.com\/da\/wp-json\/wp\/v2\/comments?post=76570"}],"version-history":[{"count":4,"href":"https:\/\/online-software-ag.com\/da\/wp-json\/wp\/v2\/pages\/76570\/revisions"}],"predecessor-version":[{"id":76574,"href":"https:\/\/online-software-ag.com\/da\/wp-json\/wp\/v2\/pages\/76570\/revisions\/76574"}],"up":[{"embeddable":true,"href":"https:\/\/online-software-ag.com\/da\/wp-json\/wp\/v2\/pages\/75424"}],"wp:attachment":[{"href":"https:\/\/online-software-ag.com\/da\/wp-json\/wp\/v2\/media?parent=76570"}],"curies":[{"name":"wp","href":"https:\/\/api.w.org\/{rel}","templated":true}]}}