{"id":76187,"date":"2025-10-30T11:15:09","date_gmt":"2025-10-30T10:15:09","guid":{"rendered":"https:\/\/online-software-ag.com\/?page_id=76187"},"modified":"2025-10-30T11:15:37","modified_gmt":"2025-10-30T10:15:37","slug":"senalizacion-digital","status":"publish","type":"page","link":"https:\/\/online-software-ag.com\/es\/lexikon\/digital-signage\/","title":{"rendered":"Se\u00f1alizaci\u00f3n digital"},"content":{"rendered":"<div data-elementor-type=\"wp-page\" data-elementor-id=\"76187\" class=\"elementor elementor-76187\" data-elementor-post-type=\"page\">\n\t\t\t\t\t\t<section class=\"elementor-section elementor-top-section elementor-element elementor-element-02d2524 elementor-section-content-space-between wrapper-wide section-normal elementor-section-boxed elementor-section-height-default elementor-section-height-default default\" data-id=\"02d2524\" data-element_type=\"section\" data-e-type=\"section\" data-settings=\"{&quot;background_background&quot;:&quot;classic&quot;}\">\n\t\t\t\t\t\t\t<div class=\"elementor-background-overlay\"><\/div>\n\t\t\t\t\t\t\t<div class=\"elementor-container elementor-column-gap-default\">\n\t\t\t\t\t<div class=\"elementor-column elementor-col-100 elementor-top-column elementor-element elementor-element-0b544df\" data-id=\"0b544df\" data-element_type=\"column\" data-e-type=\"column\">\n\t\t\t<div class=\"elementor-widget-wrap elementor-element-populated\">\n\t\t\t\t\t\t<div class=\"elementor-element elementor-element-fd9770a elementor-widget-tablet__width-inherit switch-dark elementor-widget elementor-widget-heading\" data-id=\"fd9770a\" data-element_type=\"widget\" data-e-type=\"widget\" data-widget_type=\"heading.default\">\n\t\t\t\t<div class=\"elementor-widget-container\">\n\t\t\t\t\t<h2 class=\"elementor-heading-title elementor-size-default\">L\u00e9xico POS<\/h2>\t\t\t\t<\/div>\n\t\t\t\t<\/div>\n\t\t\t\t\t<\/div>\n\t\t<\/div>\n\t\t\t\t\t<\/div>\n\t\t<\/section>\n\t\t\t\t<section class=\"elementor-section elementor-top-section elementor-element elementor-element-cd2249f wrapper-wide section-normal elementor-section-boxed elementor-section-height-default elementor-section-height-default default\" data-id=\"cd2249f\" data-element_type=\"section\" data-e-type=\"section\">\n\t\t\t\t\t\t<div class=\"elementor-container elementor-column-gap-no\">\n\t\t\t\t\t<div class=\"elementor-column elementor-col-100 elementor-top-column elementor-element elementor-element-e3e7988\" data-id=\"e3e7988\" data-element_type=\"column\" data-e-type=\"column\">\n\t\t\t<div class=\"elementor-widget-wrap elementor-element-populated\">\n\t\t\t\t\t\t<div class=\"elementor-element elementor-element-14b381b elementor-widget-tablet__width-inherit switch-dark elementor-widget elementor-widget-heading\" data-id=\"14b381b\" data-element_type=\"widget\" data-e-type=\"widget\" data-widget_type=\"heading.default\">\n\t\t\t\t<div class=\"elementor-widget-container\">\n\t\t\t\t\t<h1 class=\"elementor-heading-title elementor-size-default\">Se\u00f1alizaci\u00f3n digital<\/h1>\t\t\t\t<\/div>\n\t\t\t\t<\/div>\n\t\t\t\t<div class=\"elementor-element elementor-element-ce19490 elementor-widget elementor-widget-text-editor\" data-id=\"ce19490\" data-element_type=\"widget\" data-e-type=\"widget\" data-widget_type=\"text-editor.default\">\n\t\t\t\t<div class=\"elementor-widget-container\">\n\t\t\t\t\t\t\t\t\t<p><strong>Se\u00f1alizaci\u00f3n digital<\/strong> se refiere al uso de pantallas digitales que presentan din\u00e1micamente contenidos como anuncios, informaci\u00f3n sobre clientes y productos. Esta forma digital de transmitir informaci\u00f3n es especialmente com\u00fan en el comercio minorista, en los puntos de venta y en los espacios p\u00fablicos, donde sustituye a los simples soportes impresos y atrae la atenci\u00f3n de los clientes hacia contenidos visualmente atractivos. Adem\u00e1s, los soportes digitales llaman mucho m\u00e1s la atenci\u00f3n que los impresos, simplemente por su brillo.<br \/><br \/>El contenido se controla y gestiona de forma centralizada y en tiempo real mediante un software de se\u00f1alizaci\u00f3n digital. Casi todos los fabricantes de pantallas profesionales para puntos de venta ofrecen software b\u00e1sico para requisitos sencillos de se\u00f1alizaci\u00f3n digital, pero tambi\u00e9n existe software independiente del fabricante, como la plataforma de software <strong>PRESTIGEempresa<\/strong>, El nuevo producto, que gestiona de forma profesional los contenidos para empresas minoristas con muchas sucursales. Esto permite a los responsables de marketing personalizar de forma flexible todas las promociones, ofertas y dem\u00e1s informaci\u00f3n relevante de la empresa y adaptarla a grupos destinatarios espec\u00edficos. <br \/><br \/>La se\u00f1alizaci\u00f3n digital permite a las empresas responder r\u00e1pidamente a las condiciones actuales y las tendencias estacionales o comunicar inmediatamente las ofertas diarias y los cambios de precios. La conexi\u00f3n en red de los sistemas permite la reproducci\u00f3n simult\u00e1nea en varias pantallas, lo que garantiza un enfoque coordinado y coherente de cara al cliente.<\/p>\t\t\t\t\t\t\t\t<\/div>\n\t\t\t\t<\/div>\n\t\t\t\t<div class=\"elementor-element elementor-element-72e1abb elementor-widget elementor-widget-text-editor\" data-id=\"72e1abb\" data-element_type=\"widget\" data-e-type=\"widget\" data-widget_type=\"text-editor.default\">\n\t\t\t\t<div class=\"elementor-widget-container\">\n\t\t\t\t\t\t\t\t\t<p>Online Software AG es su socio fuerte para soluciones de marketing en el punto de venta. Nuestra <a title=\"Software de marketing para TPV\" href=\"\/es\/software\/\"><span style=\"text-decoration: underline;\">Software de marketing para TPV<\/span><\/a> PRESTIGEenterprise le ayuda con las siguientes funciones:<\/p><ul><li><p>- <span style=\"text-decoration: underline;\"><a title=\"Soluciones TPV\" href=\"\/es\/soluciones\/\">Soluciones TPV<\/a><\/span><\/p><\/li><li><p>- <span style=\"text-decoration: underline;\"><a title=\"Soluciones de se\u00f1alizaci\u00f3n digital\" href=\"\/es\/soluciones\/senalizacion-digital\/\">Soluciones de se\u00f1alizaci\u00f3n digital<\/a><\/span><\/p><\/li><li><p>- Soluciones para <span style=\"text-decoration: underline;\"><a title=\"etiquetas de precio digitales\" href=\"\/es\/etiquetas-de-precio-electronicas\/\">etiquetas de precio digitales<\/a><\/span> (ESL)<\/p><\/li><li><p>- <span style=\"text-decoration: underline;\"><a title=\"Soluciones de impresi\u00f3n\" href=\"\/es\/soluciones\/imprimir\/\">Soluciones de impresi\u00f3n<\/a><\/span><\/p><\/li><li><p>- <span style=\"text-decoration: underline;\"><a title=\"Soluciones de marketing m\u00f3vil\" href=\"\/es\/soluciones\/movil\/\">Soluciones de marketing m\u00f3vil<\/a><\/span><\/p><\/li><li><p>- <a title=\"Soluciones multimedia para minoristas\" href=\"\/es\/medios-minoristas\/\"><span style=\"text-decoration: underline;\">Soluciones multimedia para minoristas<\/span><\/a><\/p><\/li><\/ul>\t\t\t\t\t\t\t\t<\/div>\n\t\t\t\t<\/div>\n\t\t\t\t\t<\/div>\n\t\t<\/div>\n\t\t\t\t\t<\/div>\n\t\t<\/section>\n\t\t\t\t<section class=\"elementor-section elementor-top-section elementor-element elementor-element-043bf5e elementor-section-full_width wrapper-wide section-normal elementor-section-height-default elementor-section-height-default default\" data-id=\"043bf5e\" data-element_type=\"section\" data-e-type=\"section\">\n\t\t\t\t\t\t<div class=\"elementor-container elementor-column-gap-no\">\n\t\t\t\t\t<div class=\"elementor-column elementor-col-100 elementor-top-column elementor-element elementor-element-46dfce5\" data-id=\"46dfce5\" data-element_type=\"column\" data-e-type=\"column\">\n\t\t\t<div class=\"elementor-widget-wrap\">\n\t\t\t\t\t\t\t<\/div>\n\t\t<\/div>\n\t\t\t\t\t<\/div>\n\t\t<\/section>\n\t\t\t\t<section class=\"elementor-section elementor-top-section elementor-element elementor-element-76a88c2 wrapper-wide section-normal elementor-section-boxed elementor-section-height-default elementor-section-height-default default\" data-id=\"76a88c2\" data-element_type=\"section\" data-e-type=\"section\" data-settings=\"{&quot;background_background&quot;:&quot;classic&quot;}\">\n\t\t\t\t\t\t<div class=\"elementor-container elementor-column-gap-no\">\n\t\t\t\t\t<div class=\"elementor-column elementor-col-100 elementor-top-column elementor-element elementor-element-86c5345\" data-id=\"86c5345\" data-element_type=\"column\" data-e-type=\"column\">\n\t\t\t<div class=\"elementor-widget-wrap elementor-element-populated\">\n\t\t\t\t\t\t<div class=\"elementor-element elementor-element-1e0ab76 elementor-widget elementor-widget-heading\" data-id=\"1e0ab76\" data-element_type=\"widget\" data-e-type=\"widget\" data-widget_type=\"heading.default\">\n\t\t\t\t<div class=\"elementor-widget-container\">\n\t\t\t\t\t<h3 class=\"elementor-heading-title elementor-size-default\">Le interesa <br>\u00bfcomunicaci\u00f3n en el punto de venta? <\/h3>\t\t\t\t<\/div>\n\t\t\t\t<\/div>\n\t\t\t\t<div class=\"elementor-element elementor-element-5f7bf4a elementor-widget elementor-widget-naylabutton\" data-id=\"5f7bf4a\" data-element_type=\"widget\" data-e-type=\"widget\" data-widget_type=\"naylabutton.default\">\n\t\t\t\t<div class=\"elementor-widget-container\">\n\t\t\t\t\t\n\n<!--  Button -->\n<div class=\"nayla-button fill icon-right  cursor-default\" >\n\n    <span class=\"left-icon\"><i aria-hidden=\"true\" class=\"material-icons md-arrow_outward\" data-md-icon=\"arrow_outward\"><\/i><\/span>\n\n    <a target=\"_self\" href=\"https:\/\/online-software-ag.com\/es\/inscripcion-al-boletin\/\">Suscr\u00edbase ahora al bolet\u00edn<\/a>\n\n    <span class=\"right-icon\"><i aria-hidden=\"true\" class=\"material-icons md-arrow_outward\" data-md-icon=\"arrow_outward\"><\/i><\/span>\n\n<\/div>\n<!--\/ Button -->\n\n\n\t\t\t\t<\/div>\n\t\t\t\t<\/div>\n\t\t\t\t\t<\/div>\n\t\t<\/div>\n\t\t\t\t\t<\/div>\n\t\t<\/section>\n\t\t\t\t<section class=\"elementor-section elementor-top-section elementor-element elementor-element-55d91a3 wrapper-wide section-normal elementor-section-boxed elementor-section-height-default elementor-section-height-default default\" data-id=\"55d91a3\" data-element_type=\"section\" data-e-type=\"section\">\n\t\t\t\t\t\t<div class=\"elementor-container elementor-column-gap-default\">\n\t\t\t\t\t<div class=\"elementor-column elementor-col-100 elementor-top-column elementor-element elementor-element-72407ca\" data-id=\"72407ca\" data-element_type=\"column\" data-e-type=\"column\">\n\t\t\t<div class=\"elementor-widget-wrap\">\n\t\t\t\t\t\t\t<\/div>\n\t\t<\/div>\n\t\t\t\t\t<\/div>\n\t\t<\/section>\n\t\t\t\t<\/div>","protected":false},"excerpt":{"rendered":"<p>POS Lexikon Digital Signage Digital Signage bezeichnet den Einsatz digitaler Bildschirme und Displays, die Inhalte wie Werbeanzeigen, Kundenhinweise und Produktinformationen dynamisch darstellen. Diese digitale Form der Informationsvermittlung findet sich besonders [&hellip;]<\/p>\n","protected":false},"author":6,"featured_media":0,"parent":75424,"menu_order":0,"comment_status":"closed","ping_status":"closed","template":"elementor_header_footer","meta":{"_acf_changed":false,"footnotes":""},"class_list":["post-76187","page","type-page","status-publish","hentry"],"acf":[],"yoast_head":"<!-- This site is optimized with the Yoast SEO plugin v27.1.1 - https:\/\/yoast.com\/product\/yoast-seo-wordpress\/ -->\n<title>Digital Signage - Online Software AG<\/title>\n<meta name=\"robots\" content=\"index, follow, max-snippet:-1, max-image-preview:large, max-video-preview:-1\" \/>\n<link rel=\"canonical\" href=\"https:\/\/online-software-ag.com\/es\/lexico\/senalizacion-digital\/\" \/>\n<meta property=\"og:locale\" content=\"es_ES\" \/>\n<meta property=\"og:type\" content=\"article\" \/>\n<meta property=\"og:title\" content=\"Digital Signage - Online Software AG\" \/>\n<meta property=\"og:description\" content=\"POS Lexikon Digital Signage Digital Signage bezeichnet den Einsatz digitaler Bildschirme und Displays, die Inhalte wie Werbeanzeigen, Kundenhinweise und Produktinformationen dynamisch darstellen. Diese digitale Form der Informationsvermittlung findet sich besonders [&hellip;]\" \/>\n<meta property=\"og:url\" content=\"https:\/\/online-software-ag.com\/es\/lexico\/senalizacion-digital\/\" \/>\n<meta property=\"og:site_name\" content=\"Online Software AG\" \/>\n<meta property=\"article:modified_time\" content=\"2025-10-30T10:15:37+00:00\" \/>\n<meta name=\"twitter:card\" content=\"summary_large_image\" \/>\n<meta name=\"twitter:label1\" content=\"Tiempo de lectura\" \/>\n\t<meta name=\"twitter:data1\" content=\"2 minutos\" \/>\n<script type=\"application\/ld+json\" class=\"yoast-schema-graph\">{\"@context\":\"https:\/\/schema.org\",\"@graph\":[{\"@type\":\"WebPage\",\"@id\":\"https:\/\/online-software-ag.com\/lexikon\/digital-signage\/\",\"url\":\"https:\/\/online-software-ag.com\/lexikon\/digital-signage\/\",\"name\":\"Digital Signage - Online Software AG\",\"isPartOf\":{\"@id\":\"https:\/\/online-software-ag.com\/#website\"},\"datePublished\":\"2025-10-30T10:15:09+00:00\",\"dateModified\":\"2025-10-30T10:15:37+00:00\",\"breadcrumb\":{\"@id\":\"https:\/\/online-software-ag.com\/lexikon\/digital-signage\/#breadcrumb\"},\"inLanguage\":\"es\",\"potentialAction\":[{\"@type\":\"ReadAction\",\"target\":[\"https:\/\/online-software-ag.com\/lexikon\/digital-signage\/\"]}]},{\"@type\":\"BreadcrumbList\",\"@id\":\"https:\/\/online-software-ag.com\/lexikon\/digital-signage\/#breadcrumb\",\"itemListElement\":[{\"@type\":\"ListItem\",\"position\":1,\"name\":\"Startseite\",\"item\":\"https:\/\/online-software-ag.com\/\"},{\"@type\":\"ListItem\",\"position\":2,\"name\":\"Lexikon\",\"item\":\"https:\/\/online-software-ag.com\/lexikon\/\"},{\"@type\":\"ListItem\",\"position\":3,\"name\":\"Digital Signage\"}]},{\"@type\":\"WebSite\",\"@id\":\"https:\/\/online-software-ag.com\/#website\",\"url\":\"https:\/\/online-software-ag.com\/\",\"name\":\"Online Software AG\",\"description\":\"\",\"publisher\":{\"@id\":\"https:\/\/online-software-ag.com\/#organization\"},\"potentialAction\":[{\"@type\":\"SearchAction\",\"target\":{\"@type\":\"EntryPoint\",\"urlTemplate\":\"https:\/\/online-software-ag.com\/?s={search_term_string}\"},\"query-input\":{\"@type\":\"PropertyValueSpecification\",\"valueRequired\":true,\"valueName\":\"search_term_string\"}}],\"inLanguage\":\"es\"},{\"@type\":\"Organization\",\"@id\":\"https:\/\/online-software-ag.com\/#organization\",\"name\":\"Online Software AG\",\"url\":\"https:\/\/online-software-ag.com\/\",\"logo\":{\"@type\":\"ImageObject\",\"inLanguage\":\"es\",\"@id\":\"https:\/\/online-software-ag.com\/#\/schema\/logo\/image\/\",\"url\":\"https:\/\/online-software-ag.com\/wp-content\/uploads\/2023\/08\/OSAG_Logo_RGB_mit_Firmenname.png\",\"contentUrl\":\"https:\/\/online-software-ag.com\/wp-content\/uploads\/2023\/08\/OSAG_Logo_RGB_mit_Firmenname.png\",\"width\":1469,\"height\":874,\"caption\":\"Online Software AG\"},\"image\":{\"@id\":\"https:\/\/online-software-ag.com\/#\/schema\/logo\/image\/\"}}]}<\/script>\n<!-- \/ Yoast SEO plugin. -->","yoast_head_json":{"title":"Se\u00f1alizaci\u00f3n digital - Online Software AG","robots":{"index":"index","follow":"follow","max-snippet":"max-snippet:-1","max-image-preview":"max-image-preview:large","max-video-preview":"max-video-preview:-1"},"canonical":"https:\/\/online-software-ag.com\/es\/lexico\/senalizacion-digital\/","og_locale":"es_ES","og_type":"article","og_title":"Digital Signage - Online Software AG","og_description":"POS Lexikon Digital Signage Digital Signage bezeichnet den Einsatz digitaler Bildschirme und Displays, die Inhalte wie Werbeanzeigen, Kundenhinweise und Produktinformationen dynamisch darstellen. Diese digitale Form der Informationsvermittlung findet sich besonders [&hellip;]","og_url":"https:\/\/online-software-ag.com\/es\/lexico\/senalizacion-digital\/","og_site_name":"Online Software AG","article_modified_time":"2025-10-30T10:15:37+00:00","twitter_card":"summary_large_image","twitter_misc":{"Tiempo de lectura":"2 minutos"},"schema":{"@context":"https:\/\/schema.org","@graph":[{"@type":"WebPage","@id":"https:\/\/online-software-ag.com\/lexikon\/digital-signage\/","url":"https:\/\/online-software-ag.com\/lexikon\/digital-signage\/","name":"Se\u00f1alizaci\u00f3n digital - Online Software AG","isPartOf":{"@id":"https:\/\/online-software-ag.com\/#website"},"datePublished":"2025-10-30T10:15:09+00:00","dateModified":"2025-10-30T10:15:37+00:00","breadcrumb":{"@id":"https:\/\/online-software-ag.com\/lexikon\/digital-signage\/#breadcrumb"},"inLanguage":"es","potentialAction":[{"@type":"ReadAction","target":["https:\/\/online-software-ag.com\/lexikon\/digital-signage\/"]}]},{"@type":"BreadcrumbList","@id":"https:\/\/online-software-ag.com\/lexikon\/digital-signage\/#breadcrumb","itemListElement":[{"@type":"ListItem","position":1,"name":"Startseite","item":"https:\/\/online-software-ag.com\/"},{"@type":"ListItem","position":2,"name":"Lexikon","item":"https:\/\/online-software-ag.com\/lexikon\/"},{"@type":"ListItem","position":3,"name":"Digital Signage"}]},{"@type":"WebSite","@id":"https:\/\/online-software-ag.com\/#website","url":"https:\/\/online-software-ag.com\/","name":"Software AG en l\u00ednea","description":"","publisher":{"@id":"https:\/\/online-software-ag.com\/#organization"},"potentialAction":[{"@type":"SearchAction","target":{"@type":"EntryPoint","urlTemplate":"https:\/\/online-software-ag.com\/?s={search_term_string}"},"query-input":{"@type":"PropertyValueSpecification","valueRequired":true,"valueName":"search_term_string"}}],"inLanguage":"es"},{"@type":"Organization","@id":"https:\/\/online-software-ag.com\/#organization","name":"Software AG en l\u00ednea","url":"https:\/\/online-software-ag.com\/","logo":{"@type":"ImageObject","inLanguage":"es","@id":"https:\/\/online-software-ag.com\/#\/schema\/logo\/image\/","url":"https:\/\/online-software-ag.com\/wp-content\/uploads\/2023\/08\/OSAG_Logo_RGB_mit_Firmenname.png","contentUrl":"https:\/\/online-software-ag.com\/wp-content\/uploads\/2023\/08\/OSAG_Logo_RGB_mit_Firmenname.png","width":1469,"height":874,"caption":"Online Software AG"},"image":{"@id":"https:\/\/online-software-ag.com\/#\/schema\/logo\/image\/"}}]}},"_links":{"self":[{"href":"https:\/\/online-software-ag.com\/es\/wp-json\/wp\/v2\/pages\/76187","targetHints":{"allow":["GET"]}}],"collection":[{"href":"https:\/\/online-software-ag.com\/es\/wp-json\/wp\/v2\/pages"}],"about":[{"href":"https:\/\/online-software-ag.com\/es\/wp-json\/wp\/v2\/types\/page"}],"author":[{"embeddable":true,"href":"https:\/\/online-software-ag.com\/es\/wp-json\/wp\/v2\/users\/6"}],"replies":[{"embeddable":true,"href":"https:\/\/online-software-ag.com\/es\/wp-json\/wp\/v2\/comments?post=76187"}],"version-history":[{"count":0,"href":"https:\/\/online-software-ag.com\/es\/wp-json\/wp\/v2\/pages\/76187\/revisions"}],"up":[{"embeddable":true,"href":"https:\/\/online-software-ag.com\/es\/wp-json\/wp\/v2\/pages\/75424"}],"wp:attachment":[{"href":"https:\/\/online-software-ag.com\/es\/wp-json\/wp\/v2\/media?parent=76187"}],"curies":[{"name":"wp","href":"https:\/\/api.w.org\/{rel}","templated":true}]}}