{"id":76394,"date":"2025-11-05T14:44:43","date_gmt":"2025-11-05T13:44:43","guid":{"rendered":"https:\/\/online-software-ag.com\/?page_id=76394"},"modified":"2025-11-05T14:45:07","modified_gmt":"2025-11-05T13:45:07","slug":"comunicacion-de-precios","status":"publish","type":"page","link":"https:\/\/online-software-ag.com\/es\/lexikon\/preiskommunikation\/","title":{"rendered":"Comunicaci\u00f3n de precios"},"content":{"rendered":"<div data-elementor-type=\"wp-page\" data-elementor-id=\"76394\" class=\"elementor elementor-76394\" data-elementor-post-type=\"page\">\n\t\t\t\t\t\t<section class=\"elementor-section elementor-top-section elementor-element elementor-element-02d2524 elementor-section-content-space-between wrapper-wide section-normal elementor-section-boxed elementor-section-height-default elementor-section-height-default default\" data-id=\"02d2524\" data-element_type=\"section\" data-e-type=\"section\" data-settings=\"{&quot;background_background&quot;:&quot;classic&quot;}\">\n\t\t\t\t\t\t\t<div class=\"elementor-background-overlay\"><\/div>\n\t\t\t\t\t\t\t<div class=\"elementor-container elementor-column-gap-default\">\n\t\t\t\t\t<div class=\"elementor-column elementor-col-100 elementor-top-column elementor-element elementor-element-0b544df\" data-id=\"0b544df\" data-element_type=\"column\" data-e-type=\"column\">\n\t\t\t<div class=\"elementor-widget-wrap elementor-element-populated\">\n\t\t\t\t\t\t<div class=\"elementor-element elementor-element-fd9770a elementor-widget-tablet__width-inherit switch-dark elementor-widget elementor-widget-heading\" data-id=\"fd9770a\" data-element_type=\"widget\" data-e-type=\"widget\" data-widget_type=\"heading.default\">\n\t\t\t\t<div class=\"elementor-widget-container\">\n\t\t\t\t\t<h2 class=\"elementor-heading-title elementor-size-default\">L\u00e9xico POS<\/h2>\t\t\t\t<\/div>\n\t\t\t\t<\/div>\n\t\t\t\t\t<\/div>\n\t\t<\/div>\n\t\t\t\t\t<\/div>\n\t\t<\/section>\n\t\t\t\t<section class=\"elementor-section elementor-top-section elementor-element elementor-element-cd2249f wrapper-wide section-normal elementor-section-boxed elementor-section-height-default elementor-section-height-default default\" data-id=\"cd2249f\" data-element_type=\"section\" data-e-type=\"section\">\n\t\t\t\t\t\t<div class=\"elementor-container elementor-column-gap-no\">\n\t\t\t\t\t<div class=\"elementor-column elementor-col-100 elementor-top-column elementor-element elementor-element-e3e7988\" data-id=\"e3e7988\" data-element_type=\"column\" data-e-type=\"column\">\n\t\t\t<div class=\"elementor-widget-wrap elementor-element-populated\">\n\t\t\t\t\t\t<div class=\"elementor-element elementor-element-14b381b elementor-widget-tablet__width-inherit switch-dark elementor-widget elementor-widget-heading\" data-id=\"14b381b\" data-element_type=\"widget\" data-e-type=\"widget\" data-widget_type=\"heading.default\">\n\t\t\t\t<div class=\"elementor-widget-container\">\n\t\t\t\t\t<h1 class=\"elementor-heading-title elementor-size-default\">Comunicaci\u00f3n de precios<\/h1>\t\t\t\t<\/div>\n\t\t\t\t<\/div>\n\t\t\t\t<div class=\"elementor-element elementor-element-ce19490 elementor-widget elementor-widget-text-editor\" data-id=\"ce19490\" data-element_type=\"widget\" data-e-type=\"widget\" data-widget_type=\"text-editor.default\">\n\t\t\t\t<div class=\"elementor-widget-container\">\n\t\t\t\t\t\t\t\t\t<p><strong>Comunicaci\u00f3n de precios<\/strong> se refiere a la forma en que las empresas comunican la informaci\u00f3n sobre precios a sus clientes. Incluye tanto la presentaci\u00f3n visible, como la informaci\u00f3n sobre precios en los envases, en los materiales publicitarios o en las tiendas en l\u00ednea, como las estrategias con las que los minoristas comunican sus precios en los puntos de venta. Se trata, por ejemplo, de campa\u00f1as de descuentos, ventajas de precio u ofertas combinadas para animar a los clientes a comprar. El objetivo de la comunicaci\u00f3n de precios es presentar el precio de forma clara y transparente, transmitir la relaci\u00f3n calidad-precio e influir positivamente en la percepci\u00f3n del precio por parte del cliente (por ejemplo, utilizando precios umbral o descuentos) para fomentar las decisiones de compra.<br \/><br \/>La plataforma inform\u00e1tica <strong>PRESTIGEempresa<\/strong> de Online Software AG soporta la comunicaci\u00f3n de precios en el punto de venta y permite a los minoristas centralizar la gesti\u00f3n de la comunicaci\u00f3n de precios impresa y digital. La conexi\u00f3n con los sistemas de gesti\u00f3n de mercanc\u00edas y las bases de datos de marketing tambi\u00e9n permite el ajuste autom\u00e1tico de toda la informaci\u00f3n de precios para que los cambios de precios se comuniquen de forma coherente en todos los canales de venta y los clientes reciban siempre informaci\u00f3n actualizada.<\/p>\t\t\t\t\t\t\t\t<\/div>\n\t\t\t\t<\/div>\n\t\t\t\t<div class=\"elementor-element elementor-element-72e1abb elementor-widget elementor-widget-text-editor\" data-id=\"72e1abb\" data-element_type=\"widget\" data-e-type=\"widget\" data-widget_type=\"text-editor.default\">\n\t\t\t\t<div class=\"elementor-widget-container\">\n\t\t\t\t\t\t\t\t\t<p>Online Software AG es su socio fuerte para soluciones de marketing en el punto de venta. Nuestra <a title=\"Software de marketing para TPV\" href=\"\/es\/software\/\"><span style=\"text-decoration: underline;\">Software de marketing para TPV<\/span><\/a> PRESTIGEenterprise le ayuda con las siguientes funciones:<\/p><ul><li><p>- <span style=\"text-decoration: underline;\"><a title=\"Soluciones TPV\" href=\"\/es\/soluciones\/\">Soluciones TPV<\/a><\/span><\/p><\/li><li><p>- <span style=\"text-decoration: underline;\"><a title=\"Soluciones de se\u00f1alizaci\u00f3n digital\" href=\"\/es\/soluciones\/senalizacion-digital\/\">Soluciones de se\u00f1alizaci\u00f3n digital<\/a><\/span><\/p><\/li><li><p>- Soluciones para <span style=\"text-decoration: underline;\"><a title=\"etiquetas de precio digitales\" href=\"\/es\/etiquetas-de-precio-electronicas\/\">etiquetas de precio digitales<\/a><\/span> (ESL)<\/p><\/li><li><p>- <span style=\"text-decoration: underline;\"><a title=\"Soluciones de impresi\u00f3n\" href=\"\/es\/soluciones\/imprimir\/\">Soluciones de impresi\u00f3n<\/a><\/span><\/p><\/li><li><p>- <span style=\"text-decoration: underline;\"><a title=\"Soluciones de marketing m\u00f3vil\" href=\"\/es\/soluciones\/movil\/\">Soluciones de marketing m\u00f3vil<\/a><\/span><\/p><\/li><li><p>- <a title=\"Soluciones multimedia para minoristas\" href=\"\/es\/medios-minoristas\/\"><span style=\"text-decoration: underline;\">Soluciones multimedia para minoristas<\/span><\/a><\/p><\/li><\/ul>\t\t\t\t\t\t\t\t<\/div>\n\t\t\t\t<\/div>\n\t\t\t\t\t<\/div>\n\t\t<\/div>\n\t\t\t\t\t<\/div>\n\t\t<\/section>\n\t\t\t\t<section class=\"elementor-section elementor-top-section elementor-element elementor-element-043bf5e elementor-section-full_width wrapper-wide section-normal elementor-section-height-default elementor-section-height-default default\" data-id=\"043bf5e\" data-element_type=\"section\" data-e-type=\"section\">\n\t\t\t\t\t\t<div class=\"elementor-container elementor-column-gap-no\">\n\t\t\t\t\t<div class=\"elementor-column elementor-col-100 elementor-top-column elementor-element elementor-element-46dfce5\" data-id=\"46dfce5\" data-element_type=\"column\" data-e-type=\"column\">\n\t\t\t<div class=\"elementor-widget-wrap\">\n\t\t\t\t\t\t\t<\/div>\n\t\t<\/div>\n\t\t\t\t\t<\/div>\n\t\t<\/section>\n\t\t\t\t<section class=\"elementor-section elementor-top-section elementor-element elementor-element-76a88c2 wrapper-wide section-normal elementor-section-boxed elementor-section-height-default elementor-section-height-default default\" data-id=\"76a88c2\" data-element_type=\"section\" data-e-type=\"section\" data-settings=\"{&quot;background_background&quot;:&quot;classic&quot;}\">\n\t\t\t\t\t\t<div class=\"elementor-container elementor-column-gap-no\">\n\t\t\t\t\t<div class=\"elementor-column elementor-col-100 elementor-top-column elementor-element elementor-element-86c5345\" data-id=\"86c5345\" data-element_type=\"column\" data-e-type=\"column\">\n\t\t\t<div class=\"elementor-widget-wrap elementor-element-populated\">\n\t\t\t\t\t\t<div class=\"elementor-element elementor-element-1e0ab76 elementor-widget elementor-widget-heading\" data-id=\"1e0ab76\" data-element_type=\"widget\" data-e-type=\"widget\" data-widget_type=\"heading.default\">\n\t\t\t\t<div class=\"elementor-widget-container\">\n\t\t\t\t\t<h3 class=\"elementor-heading-title elementor-size-default\">Le interesa <br>\u00bfcomunicaci\u00f3n en el punto de venta? <\/h3>\t\t\t\t<\/div>\n\t\t\t\t<\/div>\n\t\t\t\t<div class=\"elementor-element elementor-element-5f7bf4a elementor-widget elementor-widget-naylabutton\" data-id=\"5f7bf4a\" data-element_type=\"widget\" data-e-type=\"widget\" data-widget_type=\"naylabutton.default\">\n\t\t\t\t<div class=\"elementor-widget-container\">\n\t\t\t\t\t\n\n<!--  Button -->\n<div class=\"nayla-button fill icon-right  cursor-default\" >\n\n    <span class=\"left-icon\"><i aria-hidden=\"true\" class=\"material-icons md-arrow_outward\" data-md-icon=\"arrow_outward\"><\/i><\/span>\n\n    <a target=\"_self\" href=\"https:\/\/online-software-ag.com\/es\/inscripcion-al-boletin\/\">Suscr\u00edbase ahora al bolet\u00edn<\/a>\n\n    <span class=\"right-icon\"><i aria-hidden=\"true\" class=\"material-icons md-arrow_outward\" data-md-icon=\"arrow_outward\"><\/i><\/span>\n\n<\/div>\n<!--\/ Button -->\n\n\n\t\t\t\t<\/div>\n\t\t\t\t<\/div>\n\t\t\t\t\t<\/div>\n\t\t<\/div>\n\t\t\t\t\t<\/div>\n\t\t<\/section>\n\t\t\t\t<section class=\"elementor-section elementor-top-section elementor-element elementor-element-55d91a3 wrapper-wide section-normal elementor-section-boxed elementor-section-height-default elementor-section-height-default default\" data-id=\"55d91a3\" data-element_type=\"section\" data-e-type=\"section\">\n\t\t\t\t\t\t<div class=\"elementor-container elementor-column-gap-default\">\n\t\t\t\t\t<div class=\"elementor-column elementor-col-100 elementor-top-column elementor-element elementor-element-72407ca\" data-id=\"72407ca\" data-element_type=\"column\" data-e-type=\"column\">\n\t\t\t<div class=\"elementor-widget-wrap\">\n\t\t\t\t\t\t\t<\/div>\n\t\t<\/div>\n\t\t\t\t\t<\/div>\n\t\t<\/section>\n\t\t\t\t<\/div>","protected":false},"excerpt":{"rendered":"<p>POS Lexikon Preiskommunikation Preiskommunikation bezeichnet die Art und Weise, wie Unternehmen Preisinformationen an ihre Kunden weitergeben. Sie umfasst sowohl die sichtbare Darstellung, wie zum Beispiel die Preisangabe auf Verpackungen, in [&hellip;]<\/p>\n","protected":false},"author":6,"featured_media":0,"parent":75424,"menu_order":0,"comment_status":"closed","ping_status":"closed","template":"elementor_header_footer","meta":{"_acf_changed":false,"footnotes":""},"class_list":["post-76394","page","type-page","status-publish","hentry"],"acf":[],"yoast_head":"<!-- This site is optimized with the Yoast SEO plugin v27.1.1 - https:\/\/yoast.com\/product\/yoast-seo-wordpress\/ -->\n<title>Preiskommunikation - Online Software AG<\/title>\n<meta name=\"robots\" content=\"index, follow, max-snippet:-1, max-image-preview:large, max-video-preview:-1\" \/>\n<link rel=\"canonical\" href=\"https:\/\/online-software-ag.com\/es\/lexico\/comunicacion-de-precios\/\" \/>\n<meta property=\"og:locale\" content=\"es_ES\" \/>\n<meta property=\"og:type\" content=\"article\" \/>\n<meta property=\"og:title\" content=\"Preiskommunikation - Online Software AG\" \/>\n<meta property=\"og:description\" content=\"POS Lexikon Preiskommunikation Preiskommunikation bezeichnet die Art und Weise, wie Unternehmen Preisinformationen an ihre Kunden weitergeben. Sie umfasst sowohl die sichtbare Darstellung, wie zum Beispiel die Preisangabe auf Verpackungen, in [&hellip;]\" \/>\n<meta property=\"og:url\" content=\"https:\/\/online-software-ag.com\/es\/lexico\/comunicacion-de-precios\/\" \/>\n<meta property=\"og:site_name\" content=\"Online Software AG\" \/>\n<meta property=\"article:modified_time\" content=\"2025-11-05T13:45:07+00:00\" \/>\n<meta name=\"twitter:card\" content=\"summary_large_image\" \/>\n<meta name=\"twitter:label1\" content=\"Tiempo de lectura\" \/>\n\t<meta name=\"twitter:data1\" content=\"2 minutos\" \/>\n<script type=\"application\/ld+json\" class=\"yoast-schema-graph\">{\"@context\":\"https:\/\/schema.org\",\"@graph\":[{\"@type\":\"WebPage\",\"@id\":\"https:\/\/online-software-ag.com\/lexikon\/preiskommunikation\/\",\"url\":\"https:\/\/online-software-ag.com\/lexikon\/preiskommunikation\/\",\"name\":\"Preiskommunikation - Online Software AG\",\"isPartOf\":{\"@id\":\"https:\/\/online-software-ag.com\/#website\"},\"datePublished\":\"2025-11-05T13:44:43+00:00\",\"dateModified\":\"2025-11-05T13:45:07+00:00\",\"breadcrumb\":{\"@id\":\"https:\/\/online-software-ag.com\/lexikon\/preiskommunikation\/#breadcrumb\"},\"inLanguage\":\"es\",\"potentialAction\":[{\"@type\":\"ReadAction\",\"target\":[\"https:\/\/online-software-ag.com\/lexikon\/preiskommunikation\/\"]}]},{\"@type\":\"BreadcrumbList\",\"@id\":\"https:\/\/online-software-ag.com\/lexikon\/preiskommunikation\/#breadcrumb\",\"itemListElement\":[{\"@type\":\"ListItem\",\"position\":1,\"name\":\"Startseite\",\"item\":\"https:\/\/online-software-ag.com\/\"},{\"@type\":\"ListItem\",\"position\":2,\"name\":\"Lexikon\",\"item\":\"https:\/\/online-software-ag.com\/lexikon\/\"},{\"@type\":\"ListItem\",\"position\":3,\"name\":\"Preiskommunikation\"}]},{\"@type\":\"WebSite\",\"@id\":\"https:\/\/online-software-ag.com\/#website\",\"url\":\"https:\/\/online-software-ag.com\/\",\"name\":\"Online Software AG\",\"description\":\"\",\"publisher\":{\"@id\":\"https:\/\/online-software-ag.com\/#organization\"},\"potentialAction\":[{\"@type\":\"SearchAction\",\"target\":{\"@type\":\"EntryPoint\",\"urlTemplate\":\"https:\/\/online-software-ag.com\/?s={search_term_string}\"},\"query-input\":{\"@type\":\"PropertyValueSpecification\",\"valueRequired\":true,\"valueName\":\"search_term_string\"}}],\"inLanguage\":\"es\"},{\"@type\":\"Organization\",\"@id\":\"https:\/\/online-software-ag.com\/#organization\",\"name\":\"Online Software AG\",\"url\":\"https:\/\/online-software-ag.com\/\",\"logo\":{\"@type\":\"ImageObject\",\"inLanguage\":\"es\",\"@id\":\"https:\/\/online-software-ag.com\/#\/schema\/logo\/image\/\",\"url\":\"https:\/\/online-software-ag.com\/wp-content\/uploads\/2023\/08\/OSAG_Logo_RGB_mit_Firmenname.png\",\"contentUrl\":\"https:\/\/online-software-ag.com\/wp-content\/uploads\/2023\/08\/OSAG_Logo_RGB_mit_Firmenname.png\",\"width\":1469,\"height\":874,\"caption\":\"Online Software AG\"},\"image\":{\"@id\":\"https:\/\/online-software-ag.com\/#\/schema\/logo\/image\/\"}}]}<\/script>\n<!-- \/ Yoast SEO plugin. -->","yoast_head_json":{"title":"Comunicaci\u00f3n de precios - Online Software AG","robots":{"index":"index","follow":"follow","max-snippet":"max-snippet:-1","max-image-preview":"max-image-preview:large","max-video-preview":"max-video-preview:-1"},"canonical":"https:\/\/online-software-ag.com\/es\/lexico\/comunicacion-de-precios\/","og_locale":"es_ES","og_type":"article","og_title":"Preiskommunikation - Online Software AG","og_description":"POS Lexikon Preiskommunikation Preiskommunikation bezeichnet die Art und Weise, wie Unternehmen Preisinformationen an ihre Kunden weitergeben. Sie umfasst sowohl die sichtbare Darstellung, wie zum Beispiel die Preisangabe auf Verpackungen, in [&hellip;]","og_url":"https:\/\/online-software-ag.com\/es\/lexico\/comunicacion-de-precios\/","og_site_name":"Online Software AG","article_modified_time":"2025-11-05T13:45:07+00:00","twitter_card":"summary_large_image","twitter_misc":{"Tiempo de lectura":"2 minutos"},"schema":{"@context":"https:\/\/schema.org","@graph":[{"@type":"WebPage","@id":"https:\/\/online-software-ag.com\/lexikon\/preiskommunikation\/","url":"https:\/\/online-software-ag.com\/lexikon\/preiskommunikation\/","name":"Comunicaci\u00f3n de precios - Online Software AG","isPartOf":{"@id":"https:\/\/online-software-ag.com\/#website"},"datePublished":"2025-11-05T13:44:43+00:00","dateModified":"2025-11-05T13:45:07+00:00","breadcrumb":{"@id":"https:\/\/online-software-ag.com\/lexikon\/preiskommunikation\/#breadcrumb"},"inLanguage":"es","potentialAction":[{"@type":"ReadAction","target":["https:\/\/online-software-ag.com\/lexikon\/preiskommunikation\/"]}]},{"@type":"BreadcrumbList","@id":"https:\/\/online-software-ag.com\/lexikon\/preiskommunikation\/#breadcrumb","itemListElement":[{"@type":"ListItem","position":1,"name":"Startseite","item":"https:\/\/online-software-ag.com\/"},{"@type":"ListItem","position":2,"name":"Lexikon","item":"https:\/\/online-software-ag.com\/lexikon\/"},{"@type":"ListItem","position":3,"name":"Preiskommunikation"}]},{"@type":"WebSite","@id":"https:\/\/online-software-ag.com\/#website","url":"https:\/\/online-software-ag.com\/","name":"Software AG en l\u00ednea","description":"","publisher":{"@id":"https:\/\/online-software-ag.com\/#organization"},"potentialAction":[{"@type":"SearchAction","target":{"@type":"EntryPoint","urlTemplate":"https:\/\/online-software-ag.com\/?s={search_term_string}"},"query-input":{"@type":"PropertyValueSpecification","valueRequired":true,"valueName":"search_term_string"}}],"inLanguage":"es"},{"@type":"Organization","@id":"https:\/\/online-software-ag.com\/#organization","name":"Software AG en l\u00ednea","url":"https:\/\/online-software-ag.com\/","logo":{"@type":"ImageObject","inLanguage":"es","@id":"https:\/\/online-software-ag.com\/#\/schema\/logo\/image\/","url":"https:\/\/online-software-ag.com\/wp-content\/uploads\/2023\/08\/OSAG_Logo_RGB_mit_Firmenname.png","contentUrl":"https:\/\/online-software-ag.com\/wp-content\/uploads\/2023\/08\/OSAG_Logo_RGB_mit_Firmenname.png","width":1469,"height":874,"caption":"Online Software AG"},"image":{"@id":"https:\/\/online-software-ag.com\/#\/schema\/logo\/image\/"}}]}},"_links":{"self":[{"href":"https:\/\/online-software-ag.com\/es\/wp-json\/wp\/v2\/pages\/76394","targetHints":{"allow":["GET"]}}],"collection":[{"href":"https:\/\/online-software-ag.com\/es\/wp-json\/wp\/v2\/pages"}],"about":[{"href":"https:\/\/online-software-ag.com\/es\/wp-json\/wp\/v2\/types\/page"}],"author":[{"embeddable":true,"href":"https:\/\/online-software-ag.com\/es\/wp-json\/wp\/v2\/users\/6"}],"replies":[{"embeddable":true,"href":"https:\/\/online-software-ag.com\/es\/wp-json\/wp\/v2\/comments?post=76394"}],"version-history":[{"count":0,"href":"https:\/\/online-software-ag.com\/es\/wp-json\/wp\/v2\/pages\/76394\/revisions"}],"up":[{"embeddable":true,"href":"https:\/\/online-software-ag.com\/es\/wp-json\/wp\/v2\/pages\/75424"}],"wp:attachment":[{"href":"https:\/\/online-software-ag.com\/es\/wp-json\/wp\/v2\/media?parent=76394"}],"curies":[{"name":"wp","href":"https:\/\/api.w.org\/{rel}","templated":true}]}}