{"id":12685,"date":"2024-10-14T09:21:24","date_gmt":"2024-10-14T07:21:24","guid":{"rendered":"https:\/\/online-software-ag.com\/?page_id=12685"},"modified":"2025-12-03T10:01:33","modified_gmt":"2025-12-03T09:01:33","slug":"faqs","status":"publish","type":"page","link":"https:\/\/online-software-ag.com\/nl\/support\/faqs\/","title":{"rendered":"FAQs"},"content":{"rendered":"<div data-elementor-type=\"wp-page\" data-elementor-id=\"12685\" class=\"elementor elementor-12685\" data-elementor-post-type=\"page\">\n\t\t\t\t\t\t<section class=\"elementor-section elementor-top-section elementor-element elementor-element-920d138 elementor-section-content-space-between wrapper-wide section-normal elementor-section-boxed elementor-section-height-default elementor-section-height-default default\" data-id=\"920d138\" data-element_type=\"section\" data-e-type=\"section\" data-settings=\"{&quot;background_background&quot;:&quot;classic&quot;}\">\n\t\t\t\t\t\t\t<div class=\"elementor-background-overlay\"><\/div>\n\t\t\t\t\t\t\t<div class=\"elementor-container elementor-column-gap-default\">\n\t\t\t\t\t<div class=\"elementor-column elementor-col-100 elementor-top-column elementor-element elementor-element-e7cef85\" data-id=\"e7cef85\" data-element_type=\"column\" data-e-type=\"column\">\n\t\t\t<div class=\"elementor-widget-wrap elementor-element-populated\">\n\t\t\t\t\t\t<div class=\"elementor-element elementor-element-b2f0de5 elementor-widget elementor-widget-heading\" data-id=\"b2f0de5\" data-element_type=\"widget\" data-e-type=\"widget\" data-widget_type=\"heading.default\">\n\t\t\t\t<div class=\"elementor-widget-container\">\n\t\t\t\t\t<p class=\"elementor-heading-title elementor-size-default\">Veelgestelde vragen\n\n<\/p>\t\t\t\t<\/div>\n\t\t\t\t<\/div>\n\t\t\t\t<div class=\"elementor-element elementor-element-be97ed1 elementor-widget elementor-widget-heading\" data-id=\"be97ed1\" data-element_type=\"widget\" data-e-type=\"widget\" data-widget_type=\"heading.default\">\n\t\t\t\t<div class=\"elementor-widget-container\">\n\t\t\t\t\t<h1 class=\"elementor-heading-title elementor-size-default\">FAQs\n<\/h1>\t\t\t\t<\/div>\n\t\t\t\t<\/div>\n\t\t\t\t\t<\/div>\n\t\t<\/div>\n\t\t\t\t\t<\/div>\n\t\t<\/section>\n\t\t\t\t<section class=\"elementor-section elementor-top-section elementor-element elementor-element-34bbf8c wrapper-wide section-normal elementor-section-boxed elementor-section-height-default elementor-section-height-default default\" data-id=\"34bbf8c\" data-element_type=\"section\" data-e-type=\"section\">\n\t\t\t\t\t\t<div class=\"elementor-container elementor-column-gap-no\">\n\t\t\t\t\t<div class=\"elementor-column elementor-col-100 elementor-top-column elementor-element elementor-element-fa76f26\" data-id=\"fa76f26\" data-element_type=\"column\" data-e-type=\"column\">\n\t\t\t<div class=\"elementor-widget-wrap elementor-element-populated\">\n\t\t\t\t\t\t<div class=\"elementor-element elementor-element-1835dd6 elementor-widget elementor-widget-naylatextwrapper\" data-id=\"1835dd6\" data-element_type=\"widget\" data-e-type=\"widget\" data-widget_type=\"naylatextwrapper.default\">\n\t\t\t\t<div class=\"elementor-widget-container\">\n\t\t\t\t\t\n\n\n<div class=\"text-wrapper no-margin hide-br-mobile\">\n\n    <p class=\"has-anim-text linesMask  text-p  false\" data-stagger=\"0.1\" data-duration=\"1.5\"data-delay=\"0\"data-scrub=\"true\" data-pin=\"false\"> Niet gevonden wat je zocht? Kijk dan eens naar onze <label style=\"color: #A2C617\"><a href=\"https:\/\/www.youtube.com\/@PRESTIGE4all\" >Youtube-kanaal<\/a><\/label> \nover. Daar publiceren we regelmatig video's over PRESTIGEenterprise en leggen we in een paar stappen onze nieuwste functies uit. U kunt ons ook uw vraag stellen via de chatfunctie op onze website of via het contactformulier.\n<\/p>\n\n\n<\/div>\n\n\n\t\t\t\t<\/div>\n\t\t\t\t<\/div>\n\t\t\t\t<div class=\"elementor-element elementor-element-a28dfc8 elementor-widget elementor-widget-naylaaccordion\" data-id=\"a28dfc8\" data-element_type=\"widget\" data-e-type=\"widget\" data-widget_type=\"naylaaccordion.default\">\n\t\t\t\t<div class=\"elementor-widget-container\">\n\t\t\t\t\t\n<div class='nayla-accordion  icons-right'>\n    <ul class='accordion-wrap'>\n                <li class=\"accordion-item\">\n\n            <div class=\"accordion-title\">\n\n                \n                <span class=\"\" data-stagger=\"0.1\" data-duration=\"1.5\"data-delay=\"0\"data-scrub=\"false\">Wat is PRESTIGEenterprise Audit?<\/span>\n\n                \n                <span class=\"accordion-toggle\"><i aria-hidden=\"true\" class=\"material-icons md-arrow_outward\" data-md-icon=\"arrow_outward\"><\/i><\/span>\n\n                            <\/div>\n\n            <div class=\"accordion-content\">Tijdens een audit analyseren we de PRESTIGEenterprise-omgeving van de klant en identificeren we het potentieel voor optimalisatie.\n\nOm uw PRESTIGEenterprise-omgeving te verbeteren op het gebied van beheer, prestaties, betrouwbaarheid en beschikbaarheid, analyseren we bijvoorbeeld of alle importinterfaces naar XML zijn geconverteerd of dat er zwakke punten zijn in de XML-transformatie. Uw sjabloonstructuur wordt geanalyseerd en de clients - bijvoorbeeld hun DisplayEngine-versies - worden gecontroleerd.<\/div>\n\n        <\/li>\n\n                <li class=\"accordion-item\">\n\n            <div class=\"accordion-title\">\n\n                \n                <span class=\"\" data-stagger=\"0.1\" data-duration=\"1.5\"data-delay=\"0\"data-scrub=\"false\">Wat omvat de PRESTIGE Staging Service?<\/span>\n\n                \n                <span class=\"accordion-toggle\"><i aria-hidden=\"true\" class=\"material-icons md-arrow_outward\" data-md-icon=\"arrow_outward\"><\/i><\/span>\n\n                            <\/div>\n\n            <div class=\"accordion-content\">De PRESTIGEenterprise-omgevingen van onze klanten worden steeds groter en complexer. Dit vergroot de omvang van projecten voor systeemaanpassingen, migraties of updates. Vooral omdat PRESTIGEenterprise zeer relevant is voor de onderneming. Met de PRESTIGE Staging Service cre\u00ebren we een testomgeving van de productieomgeving van de klant die zo getrouw mogelijk is aan het origineel. De resulterende hoge kwaliteit van de tests minimaliseert het risico van systeemaanpassingen, uitbreidingen en updates. Systeemstoringen kunnen zo worden vermeden en de kosten verlaagd.<\/div>\n\n        <\/li>\n\n                <li class=\"accordion-item\">\n\n            <div class=\"accordion-title\">\n\n                \n                <span class=\"\" data-stagger=\"0.1\" data-duration=\"1.5\"data-delay=\"0\"data-scrub=\"false\">Sjablonen ontwerpen in PRESTIGEenterprise<\/span>\n\n                \n                <span class=\"accordion-toggle\"><i aria-hidden=\"true\" class=\"material-icons md-arrow_outward\" data-md-icon=\"arrow_outward\"><\/i><\/span>\n\n                            <\/div>\n\n            <div class=\"accordion-content\">De sjablonen voor drukwerk en digitale media worden gemaakt met de PRESTIGE software. Deze desktop software is inbegrepen in de aankoopprijs van PRESTIGEenterprise. De Adobe Edge software wordt gebruikt voor geanimeerde posters. De sjabloon kan rechtstreeks in de webapplicatie worden gewijzigd met behulp van de PRESTIGEenterprise Designer. De posities en afmetingen van de teksten, afbeeldingen en foto's zijn gedefinieerd op de sjabloon. U kunt de sjablonen zelf maken of wij kunnen dit voor u doen.\n<\/div>\n\n        <\/li>\n\n                <li class=\"accordion-item\">\n\n            <div class=\"accordion-title\">\n\n                \n                <span class=\"\" data-stagger=\"0.1\" data-duration=\"1.5\"data-delay=\"0\"data-scrub=\"false\">Wat is een DisplayEngine?<\/span>\n\n                \n                <span class=\"accordion-toggle\"><i aria-hidden=\"true\" class=\"material-icons md-arrow_outward\" data-md-icon=\"arrow_outward\"><\/i><\/span>\n\n                            <\/div>\n\n            <div class=\"accordion-content\">De DisplayEngine is het deel van de software dat de inhoud op uw scherm in de winkel afspeelt. PRESTIGEenterprise stuurt de inhoud naar de juiste DisplayEngines. Binnen een systeem kunnen meerdere DisplayEngines worden ge\u00efnstalleerd en de gebruiker wijst de beoogde inhoud eraan toe in PRESTIGEenterprise. Voor elke DisplayEngine moet een licentie worden aangeschaft.<\/div>\n\n        <\/li>\n\n                <li class=\"accordion-item\">\n\n            <div class=\"accordion-title\">\n\n                \n                <span class=\"\" data-stagger=\"0.1\" data-duration=\"1.5\"data-delay=\"0\"data-scrub=\"false\">Wat is een PrintEngine?<\/span>\n\n                \n                <span class=\"accordion-toggle\"><i aria-hidden=\"true\" class=\"material-icons md-arrow_outward\" data-md-icon=\"arrow_outward\"><\/i><\/span>\n\n                            <\/div>\n\n            <div class=\"accordion-content\">U gebruikt de PrintEngine om uw in PRESTIGEenterprise gemaakte posters af te drukken. Elke PrintEngine krijgt een printer toegewezen waarnaar u uw inhoud distribueert. Binnen een installatie kunnen meerdere PrintEngines worden aangemaakt. Voor elke PrintEngine moet een licentie worden aangeschaft.<\/div>\n\n        <\/li>\n\n                <li class=\"accordion-item\">\n\n            <div class=\"accordion-title\">\n\n                \n                <span class=\"\" data-stagger=\"0.1\" data-duration=\"1.5\"data-delay=\"0\"data-scrub=\"false\">Hoeveel gebruikers kunnen PRESTIGEenterprise gebruiken?<\/span>\n\n                \n                <span class=\"accordion-toggle\"><i aria-hidden=\"true\" class=\"material-icons md-arrow_outward\" data-md-icon=\"arrow_outward\"><\/i><\/span>\n\n                            <\/div>\n\n            <div class=\"accordion-content\">In PRESTIGEenterprise kunnen meerdere gebruikers met verschillende gebruikersrollen worden aangemaakt. Een standaard filiaalgebruiker heeft bijvoorbeeld andere rechten dan een ontwerper. Voor elke gebruiker moet een licentie worden aangeschaft.<\/div>\n\n        <\/li>\n\n                <li class=\"accordion-item\">\n\n            <div class=\"accordion-title\">\n\n                \n                <span class=\"\" data-stagger=\"0.1\" data-duration=\"1.5\"data-delay=\"0\"data-scrub=\"false\">Welke eindapparaten kunnen worden bediend met PRESTIGEenterprise?<\/span>\n\n                \n                <span class=\"accordion-toggle\"><i aria-hidden=\"true\" class=\"material-icons md-arrow_outward\" data-md-icon=\"arrow_outward\"><\/i><\/span>\n\n                            <\/div>\n\n            <div class=\"accordion-content\">Met PRESTIGEenterprise kunt u verschillende afdruksystemen aansturen, van labelprinters tot grootformaatprinters, evenals digitale eindapparaten. Naast schermen die compatibel zijn met Windows, zoals enkelvoudige schermen, videowalls, kiosksystemen, kassa's en weegschalen van Bizerba en Mettler Toledo, omvat dit ook elektronische schapetiketten (ESL) en alle digitale displays met een HTML5-interface. Een overzicht van onze hardwarepartners vind je hier.<br><br>\n\nEr zijn ook mobiele apparaten zoals MDE's, smartphones en tablets, maar ook spraaksystemen zoals Amazon Alexa. Met PRESTIGEenterprise hebt u de mogelijkheid om uw eigen store app en uw eigen skill te publiceren en de inhoud zelf te onderhouden.<\/div>\n\n        <\/li>\n\n                <li class=\"accordion-item\">\n\n            <div class=\"accordion-title\">\n\n                \n                <span class=\"\" data-stagger=\"0.1\" data-duration=\"1.5\"data-delay=\"0\"data-scrub=\"false\">Welke bestandsindelingen worden ondersteund?<\/span>\n\n                \n                <span class=\"accordion-toggle\"><i aria-hidden=\"true\" class=\"material-icons md-arrow_outward\" data-md-icon=\"arrow_outward\"><\/i><\/span>\n\n                            <\/div>\n\n            <div class=\"accordion-content\">Grafische formaten: JPEG, PNG, WMF, EMF, BMP, TIFF\n\nVideoformaten: WMV 1\/2\/3; de installatie van codecs is vereist voor MPEG 2\/4 en andere videoformaten.\n\nDisplayEngine H5: native ondersteunde formaten (bijv.: WebM-video's voor Google Chrome)\n\nNaast afbeeldingen, foto's en video's kunnen ook HTML en Adobe Animate CC-elementen worden ge\u00efntegreerd. Meer systeemvereisten vind je in onze datasheet.<\/div>\n\n        <\/li>\n\n                <li class=\"accordion-item\">\n\n            <div class=\"accordion-title\">\n\n                \n                <span class=\"\" data-stagger=\"0.1\" data-duration=\"1.5\"data-delay=\"0\"data-scrub=\"false\">Bieden jullie de juiste hardware naast de software?<\/span>\n\n                \n                <span class=\"accordion-toggle\"><i aria-hidden=\"true\" class=\"material-icons md-arrow_outward\" data-md-icon=\"arrow_outward\"><\/i><\/span>\n\n                            <\/div>\n\n            <div class=\"accordion-content\">Wij bieden alleen de softwarecomponenten aan, maar we sturen je vraag over hardware graag door naar een van onze partners. Zij geven je deskundig advies over printers, schermen of pc-boxen.<\/div>\n\n        <\/li>\n\n                <li class=\"accordion-item\">\n\n            <div class=\"accordion-title\">\n\n                \n                <span class=\"\" data-stagger=\"0.1\" data-duration=\"1.5\"data-delay=\"0\"data-scrub=\"false\">Kan het succes van de reclame worden gecontroleerd?<\/span>\n\n                \n                <span class=\"accordion-toggle\"><i aria-hidden=\"true\" class=\"material-icons md-arrow_outward\" data-md-icon=\"arrow_outward\"><\/i><\/span>\n\n                            <\/div>\n\n            <div class=\"accordion-content\">Ja, het is mogelijk om vanuit PRESTIGEenterprise een XML-bestand te exporteren dat verschillende gegevens bevat over de lopende advertentieplanning. Bijvoorbeeld hoe vaak en hoe lang een artikel is weergegeven, de naam van de display engine en de begin- en einddatum van de afspeellijst. Dit betekent dat alle daadwerkelijk getoonde inhoud kan worden vastgelegd en geanalyseerd. Het resultaat is een zinvolle basis voor uitgebreide datamining en gebruik voor effectieve bewaking van het reclamesucces in samenhang met de verkoop.\n\n<\/div>\n\n        <\/li>\n\n                <li class=\"accordion-item\">\n\n            <div class=\"accordion-title\">\n\n                \n                <span class=\"\" data-stagger=\"0.1\" data-duration=\"1.5\"data-delay=\"0\"data-scrub=\"false\">Is er offline functionaliteit?<\/span>\n\n                \n                <span class=\"accordion-toggle\"><i aria-hidden=\"true\" class=\"material-icons md-arrow_outward\" data-md-icon=\"arrow_outward\"><\/i><\/span>\n\n                            <\/div>\n\n            <div class=\"accordion-content\">Ja, wanneer een advertentieplan naar een display met V5 DisplayEngine wordt gestuurd, wordt het lokaal opgeslagen. Als er daarna netwerkproblemen zijn, blijft de huidige planning normaal doorlopen. Wijzigingen in het advertentieplan worden alleen overgedragen als er een actieve netwerkverbinding is.\n<\/div>\n\n        <\/li>\n\n                <li class=\"accordion-item\">\n\n            <div class=\"accordion-title\">\n\n                \n                <span class=\"\" data-stagger=\"0.1\" data-duration=\"1.5\"data-delay=\"0\"data-scrub=\"false\">Welke besturingssysteemplatformen worden ondersteund?<\/span>\n\n                \n                <span class=\"accordion-toggle\"><i aria-hidden=\"true\" class=\"material-icons md-arrow_outward\" data-md-icon=\"arrow_outward\"><\/i><\/span>\n\n                            <\/div>\n\n            <div class=\"accordion-content\">WINDOWS 7\/8\/8.1\/10 Professional en Enterprise zijn vereist voor PrintEngine en DisplayEngine V5.<br><br>\n\nDe DisplayEngine H5 draait op Windows \/ Linux \/ Android en besturingssystemen met een volwaardige browser (Chrome \/ Chromium).<\/div>\n\n        <\/li>\n\n                <li class=\"accordion-item\">\n\n            <div class=\"accordion-title\">\n\n                \n                <span class=\"\" data-stagger=\"0.1\" data-duration=\"1.5\"data-delay=\"0\"data-scrub=\"false\">Hoe kunnen afbeeldingen en video's worden ge\u00efmporteerd?<\/span>\n\n                \n                <span class=\"accordion-toggle\"><i aria-hidden=\"true\" class=\"material-icons md-arrow_outward\" data-md-icon=\"arrow_outward\"><\/i><\/span>\n\n                            <\/div>\n\n            <div class=\"accordion-content\">Via uploader en automatische import.<\/div>\n\n        <\/li>\n\n                <li class=\"accordion-item\">\n\n            <div class=\"accordion-title\">\n\n                \n                <span class=\"\" data-stagger=\"0.1\" data-duration=\"1.5\"data-delay=\"0\"data-scrub=\"false\">Welke poorten zijn vereist?<\/span>\n\n                \n                <span class=\"accordion-toggle\"><i aria-hidden=\"true\" class=\"material-icons md-arrow_outward\" data-md-icon=\"arrow_outward\"><\/i><\/span>\n\n                            <\/div>\n\n            <div class=\"accordion-content\">49.999, 80, 8880 (voor VSV).<\/div>\n\n        <\/li>\n\n        \n    <\/ul>\n<\/div>\n\n\t\t\t\t<\/div>\n\t\t\t\t<\/div>\n\t\t\t\t<div class=\"elementor-element elementor-element-ff8e31f elementor-widget elementor-widget-naylabutton\" data-id=\"ff8e31f\" data-element_type=\"widget\" data-e-type=\"widget\" data-widget_type=\"naylabutton.default\">\n\t\t\t\t<div class=\"elementor-widget-container\">\n\t\t\t\t\t\n\n<!--  Button -->\n<div class=\"nayla-button fill icon-right  cursor-default\" >\n\n    <span class=\"left-icon\"><i aria-hidden=\"true\" class=\"material-icons md-arrow_outward\" data-md-icon=\"arrow_outward\"><\/i><\/span>\n\n    <a target=\"_self\" href=\"https:\/\/online-software-ag.com\/nl\/neem-contact-op-met\/\">Zijn er nog vragen?<\/a>\n\n    <span class=\"right-icon\"><i aria-hidden=\"true\" class=\"material-icons md-arrow_outward\" data-md-icon=\"arrow_outward\"><\/i><\/span>\n\n<\/div>\n<!--\/ Button -->\n\n\n\t\t\t\t<\/div>\n\t\t\t\t<\/div>\n\t\t\t\t\t<\/div>\n\t\t<\/div>\n\t\t\t\t\t<\/div>\n\t\t<\/section>\n\t\t\t\t<\/div>","protected":false},"excerpt":{"rendered":"<p>H\u00e4ufig gestellte Fragen FAQs Sie haben nicht gefunden, was Sie gesucht haben? Schauen Sie doch mal bei unserem Youtube-Kanal vorbei. Dort ver\u00f6ffentlichen wir regelm\u00e4\u00dfig Videos rund um das Thema PRESTIGEenterprise [&hellip;]<\/p>\n","protected":false},"author":1,"featured_media":0,"parent":10008,"menu_order":0,"comment_status":"closed","ping_status":"closed","template":"elementor_header_footer","meta":{"_acf_changed":false,"footnotes":""},"class_list":["post-12685","page","type-page","status-publish","hentry"],"acf":[],"yoast_head":"<!-- This site is optimized with the Yoast SEO plugin v27.1.1 - https:\/\/yoast.com\/product\/yoast-seo-wordpress\/ -->\n<title>FAQs - Online Software AG<\/title>\n<meta name=\"description\" content=\"Erkunden Sie h\u00e4ufig gestellte Fragen zur Online Software AG und erhalten Sie schnell Informationen \u00fcber unsere Produkte und Dienstleistungen.\" \/>\n<meta name=\"robots\" content=\"index, follow, max-snippet:-1, max-image-preview:large, max-video-preview:-1\" \/>\n<link rel=\"canonical\" href=\"https:\/\/online-software-ag.com\/nl\/ondersteuning\/faqs\/\" \/>\n<meta property=\"og:locale\" content=\"nl_NL\" \/>\n<meta property=\"og:type\" content=\"article\" \/>\n<meta property=\"og:title\" content=\"FAQs - Online Software AG\" \/>\n<meta property=\"og:description\" content=\"Erkunden Sie h\u00e4ufig gestellte Fragen zur Online Software AG und erhalten Sie schnell Informationen \u00fcber unsere Produkte und Dienstleistungen.\" \/>\n<meta property=\"og:url\" content=\"https:\/\/online-software-ag.com\/nl\/ondersteuning\/faqs\/\" \/>\n<meta property=\"og:site_name\" content=\"Online Software AG\" \/>\n<meta property=\"article:modified_time\" content=\"2025-12-03T09:01:33+00:00\" \/>\n<meta name=\"twitter:card\" content=\"summary_large_image\" \/>\n<meta name=\"twitter:label1\" content=\"Geschatte leestijd\" \/>\n\t<meta name=\"twitter:data1\" content=\"6 minuten\" \/>\n<script type=\"application\/ld+json\" class=\"yoast-schema-graph\">{\"@context\":\"https:\/\/schema.org\",\"@graph\":[{\"@type\":\"WebPage\",\"@id\":\"https:\/\/online-software-ag.com\/de\/support\/faqs\/\",\"url\":\"https:\/\/online-software-ag.com\/de\/support\/faqs\/\",\"name\":\"FAQs - Online Software AG\",\"isPartOf\":{\"@id\":\"https:\/\/online-software-ag.com\/#website\"},\"datePublished\":\"2024-10-14T07:21:24+00:00\",\"dateModified\":\"2025-12-03T09:01:33+00:00\",\"description\":\"Erkunden Sie h\u00e4ufig gestellte Fragen zur Online Software AG und erhalten Sie schnell Informationen \u00fcber unsere Produkte und Dienstleistungen.\",\"breadcrumb\":{\"@id\":\"https:\/\/online-software-ag.com\/de\/support\/faqs\/#breadcrumb\"},\"inLanguage\":\"nl-NL\",\"potentialAction\":[{\"@type\":\"ReadAction\",\"target\":[\"https:\/\/online-software-ag.com\/de\/support\/faqs\/\"]}]},{\"@type\":\"BreadcrumbList\",\"@id\":\"https:\/\/online-software-ag.com\/de\/support\/faqs\/#breadcrumb\",\"itemListElement\":[{\"@type\":\"ListItem\",\"position\":1,\"name\":\"Startseite\",\"item\":\"https:\/\/online-software-ag.com\/\"},{\"@type\":\"ListItem\",\"position\":2,\"name\":\"Support\",\"item\":\"https:\/\/online-software-ag.com\/support\/\"},{\"@type\":\"ListItem\",\"position\":3,\"name\":\"FAQs\"}]},{\"@type\":\"WebSite\",\"@id\":\"https:\/\/online-software-ag.com\/#website\",\"url\":\"https:\/\/online-software-ag.com\/\",\"name\":\"Online Software AG\",\"description\":\"\",\"publisher\":{\"@id\":\"https:\/\/online-software-ag.com\/#organization\"},\"potentialAction\":[{\"@type\":\"SearchAction\",\"target\":{\"@type\":\"EntryPoint\",\"urlTemplate\":\"https:\/\/online-software-ag.com\/?s={search_term_string}\"},\"query-input\":{\"@type\":\"PropertyValueSpecification\",\"valueRequired\":true,\"valueName\":\"search_term_string\"}}],\"inLanguage\":\"nl-NL\"},{\"@type\":\"Organization\",\"@id\":\"https:\/\/online-software-ag.com\/#organization\",\"name\":\"Online Software AG\",\"url\":\"https:\/\/online-software-ag.com\/\",\"logo\":{\"@type\":\"ImageObject\",\"inLanguage\":\"nl-NL\",\"@id\":\"https:\/\/online-software-ag.com\/#\/schema\/logo\/image\/\",\"url\":\"https:\/\/online-software-ag.com\/wp-content\/uploads\/2023\/08\/OSAG_Logo_RGB_mit_Firmenname.png\",\"contentUrl\":\"https:\/\/online-software-ag.com\/wp-content\/uploads\/2023\/08\/OSAG_Logo_RGB_mit_Firmenname.png\",\"width\":1469,\"height\":874,\"caption\":\"Online Software AG\"},\"image\":{\"@id\":\"https:\/\/online-software-ag.com\/#\/schema\/logo\/image\/\"}}]}<\/script>\n<!-- \/ Yoast SEO plugin. -->","yoast_head_json":{"title":"FAQ's - Online Software AG","description":"Bekijk de veelgestelde vragen over Online Software AG en krijg snel informatie over onze producten en diensten.","robots":{"index":"index","follow":"follow","max-snippet":"max-snippet:-1","max-image-preview":"max-image-preview:large","max-video-preview":"max-video-preview:-1"},"canonical":"https:\/\/online-software-ag.com\/nl\/ondersteuning\/faqs\/","og_locale":"nl_NL","og_type":"article","og_title":"FAQs - Online Software AG","og_description":"Erkunden Sie h\u00e4ufig gestellte Fragen zur Online Software AG und erhalten Sie schnell Informationen \u00fcber unsere Produkte und Dienstleistungen.","og_url":"https:\/\/online-software-ag.com\/nl\/ondersteuning\/faqs\/","og_site_name":"Online Software AG","article_modified_time":"2025-12-03T09:01:33+00:00","twitter_card":"summary_large_image","twitter_misc":{"Geschatte leestijd":"6 minuten"},"schema":{"@context":"https:\/\/schema.org","@graph":[{"@type":"WebPage","@id":"https:\/\/online-software-ag.com\/de\/support\/faqs\/","url":"https:\/\/online-software-ag.com\/de\/support\/faqs\/","name":"FAQ's - Online Software AG","isPartOf":{"@id":"https:\/\/online-software-ag.com\/#website"},"datePublished":"2024-10-14T07:21:24+00:00","dateModified":"2025-12-03T09:01:33+00:00","description":"Bekijk de veelgestelde vragen over Online Software AG en krijg snel informatie over onze producten en diensten.","breadcrumb":{"@id":"https:\/\/online-software-ag.com\/de\/support\/faqs\/#breadcrumb"},"inLanguage":"nl-NL","potentialAction":[{"@type":"ReadAction","target":["https:\/\/online-software-ag.com\/de\/support\/faqs\/"]}]},{"@type":"BreadcrumbList","@id":"https:\/\/online-software-ag.com\/de\/support\/faqs\/#breadcrumb","itemListElement":[{"@type":"ListItem","position":1,"name":"Startseite","item":"https:\/\/online-software-ag.com\/"},{"@type":"ListItem","position":2,"name":"Support","item":"https:\/\/online-software-ag.com\/support\/"},{"@type":"ListItem","position":3,"name":"FAQs"}]},{"@type":"WebSite","@id":"https:\/\/online-software-ag.com\/#website","url":"https:\/\/online-software-ag.com\/","name":"Online Software AG","description":"","publisher":{"@id":"https:\/\/online-software-ag.com\/#organization"},"potentialAction":[{"@type":"SearchAction","target":{"@type":"EntryPoint","urlTemplate":"https:\/\/online-software-ag.com\/?s={search_term_string}"},"query-input":{"@type":"PropertyValueSpecification","valueRequired":true,"valueName":"search_term_string"}}],"inLanguage":"nl-NL"},{"@type":"Organization","@id":"https:\/\/online-software-ag.com\/#organization","name":"Online Software AG","url":"https:\/\/online-software-ag.com\/","logo":{"@type":"ImageObject","inLanguage":"nl-NL","@id":"https:\/\/online-software-ag.com\/#\/schema\/logo\/image\/","url":"https:\/\/online-software-ag.com\/wp-content\/uploads\/2023\/08\/OSAG_Logo_RGB_mit_Firmenname.png","contentUrl":"https:\/\/online-software-ag.com\/wp-content\/uploads\/2023\/08\/OSAG_Logo_RGB_mit_Firmenname.png","width":1469,"height":874,"caption":"Online Software AG"},"image":{"@id":"https:\/\/online-software-ag.com\/#\/schema\/logo\/image\/"}}]}},"_links":{"self":[{"href":"https:\/\/online-software-ag.com\/nl\/wp-json\/wp\/v2\/pages\/12685","targetHints":{"allow":["GET"]}}],"collection":[{"href":"https:\/\/online-software-ag.com\/nl\/wp-json\/wp\/v2\/pages"}],"about":[{"href":"https:\/\/online-software-ag.com\/nl\/wp-json\/wp\/v2\/types\/page"}],"author":[{"embeddable":true,"href":"https:\/\/online-software-ag.com\/nl\/wp-json\/wp\/v2\/users\/1"}],"replies":[{"embeddable":true,"href":"https:\/\/online-software-ag.com\/nl\/wp-json\/wp\/v2\/comments?post=12685"}],"version-history":[{"count":3,"href":"https:\/\/online-software-ag.com\/nl\/wp-json\/wp\/v2\/pages\/12685\/revisions"}],"predecessor-version":[{"id":76894,"href":"https:\/\/online-software-ag.com\/nl\/wp-json\/wp\/v2\/pages\/12685\/revisions\/76894"}],"up":[{"embeddable":true,"href":"https:\/\/online-software-ag.com\/nl\/wp-json\/wp\/v2\/pages\/10008"}],"wp:attachment":[{"href":"https:\/\/online-software-ag.com\/nl\/wp-json\/wp\/v2\/media?parent=12685"}],"curies":[{"name":"wp","href":"https:\/\/api.w.org\/{rel}","templated":true}]}}