{"id":76404,"date":"2025-11-05T14:46:23","date_gmt":"2025-11-05T13:46:23","guid":{"rendered":"https:\/\/online-software-ag.com\/?page_id=76404"},"modified":"2025-11-05T14:46:48","modified_gmt":"2025-11-05T13:46:48","slug":"produktrekommendationer","status":"publish","type":"page","link":"https:\/\/online-software-ag.com\/sv\/lexikon\/produktempfehlungen\/","title":{"rendered":"Produktrekommendationer"},"content":{"rendered":"<div data-elementor-type=\"wp-page\" data-elementor-id=\"76404\" class=\"elementor elementor-76404\" data-elementor-post-type=\"page\">\n\t\t\t\t\t\t<section class=\"elementor-section elementor-top-section elementor-element elementor-element-02d2524 elementor-section-content-space-between wrapper-wide section-normal elementor-section-boxed elementor-section-height-default elementor-section-height-default default\" data-id=\"02d2524\" data-element_type=\"section\" data-e-type=\"section\" data-settings=\"{&quot;background_background&quot;:&quot;classic&quot;}\">\n\t\t\t\t\t\t\t<div class=\"elementor-background-overlay\"><\/div>\n\t\t\t\t\t\t\t<div class=\"elementor-container elementor-column-gap-default\">\n\t\t\t\t\t<div class=\"elementor-column elementor-col-100 elementor-top-column elementor-element elementor-element-0b544df\" data-id=\"0b544df\" data-element_type=\"column\" data-e-type=\"column\">\n\t\t\t<div class=\"elementor-widget-wrap elementor-element-populated\">\n\t\t\t\t\t\t<div class=\"elementor-element elementor-element-fd9770a elementor-widget-tablet__width-inherit switch-dark elementor-widget elementor-widget-heading\" data-id=\"fd9770a\" data-element_type=\"widget\" data-e-type=\"widget\" data-widget_type=\"heading.default\">\n\t\t\t\t<div class=\"elementor-widget-container\">\n\t\t\t\t\t<h2 class=\"elementor-heading-title elementor-size-default\">POS-lexikon<\/h2>\t\t\t\t<\/div>\n\t\t\t\t<\/div>\n\t\t\t\t\t<\/div>\n\t\t<\/div>\n\t\t\t\t\t<\/div>\n\t\t<\/section>\n\t\t\t\t<section class=\"elementor-section elementor-top-section elementor-element elementor-element-cd2249f wrapper-wide section-normal elementor-section-boxed elementor-section-height-default elementor-section-height-default default\" data-id=\"cd2249f\" data-element_type=\"section\" data-e-type=\"section\">\n\t\t\t\t\t\t<div class=\"elementor-container elementor-column-gap-no\">\n\t\t\t\t\t<div class=\"elementor-column elementor-col-100 elementor-top-column elementor-element elementor-element-e3e7988\" data-id=\"e3e7988\" data-element_type=\"column\" data-e-type=\"column\">\n\t\t\t<div class=\"elementor-widget-wrap elementor-element-populated\">\n\t\t\t\t\t\t<div class=\"elementor-element elementor-element-14b381b elementor-widget-tablet__width-inherit switch-dark elementor-widget elementor-widget-heading\" data-id=\"14b381b\" data-element_type=\"widget\" data-e-type=\"widget\" data-widget_type=\"heading.default\">\n\t\t\t\t<div class=\"elementor-widget-container\">\n\t\t\t\t\t<h1 class=\"elementor-heading-title elementor-size-default\">Produktrekommendationer<\/h1>\t\t\t\t<\/div>\n\t\t\t\t<\/div>\n\t\t\t\t<div class=\"elementor-element elementor-element-ce19490 elementor-widget elementor-widget-text-editor\" data-id=\"ce19490\" data-element_type=\"widget\" data-e-type=\"widget\" data-widget_type=\"text-editor.default\">\n\t\t\t\t<div class=\"elementor-widget-container\">\n\t\t\t\t\t\t\t\t\t<p><strong>Produktrekommendationer<\/strong> p\u00e5 f\u00f6rs\u00e4ljningsst\u00e4llet anv\u00e4nds f\u00f6r att uppm\u00e4rksamma kunderna p\u00e5 varor som \u00e4r s\u00e4rskilt intressanta, nya eller billiga eller som kompletterar en vara som de redan har k\u00f6pt. Rekommendationerna kan ges via affischer och hyllkantsetiketter eller digitalt p\u00e5 displayer. De \u00f6kar vistelsetiden, uppmuntrar till impulsk\u00f6p och \u00f6kar varukorgens v\u00e4rde.<br \/><br \/>S\u00e4rskilt effektivt \u00e4r det att anv\u00e4nda intelligenta mjukvarul\u00f6sningar som visar produktrekommendationer automatiskt och kontextuellt. I b\u00e4sta fall handlar det om personligt anpassade rekommendationer - baserade p\u00e5 aktuella erbjudanden, s\u00e4songsvaror eller kombinationer som k\u00f6ps ofta.<br \/><br \/>Tekniskt sett kan produktrekommendationer vid kassan mycket enkelt implementeras med hj\u00e4lp av affischer, men digitala l\u00f6sningar \u00e4r mycket mer effektiva, d\u00e4r produktrekommendationen f\u00e5ngar \u00f6gat helt enkelt genom sk\u00e4rmarnas utstr\u00e5lning och kan st\u00f6djas av en animation. Det som \u00e4r en sj\u00e4lvklarhet i onlinebutiker \u00e4r en teknisk och dataskyddsm\u00e4ssig utmaning i den fysiska detaljhandeln: personliga produktrekommendationer. Mjukvaruplattformen <strong>PRESTIGEf\u00f6retag<\/strong> av online-programvaran st\u00f6der ocks\u00e5 dessa kr\u00e4vande utmaningar. Det spelar ingen roll om produktrekommendationen ska skrivas ut eller h\u00e4mtas via en knapp p\u00e5 v\u00e5gen, en scanner p\u00e5 stelen eller en r\u00f6relsesensor p\u00e5 storbildssk\u00e4rmen. Detta skapar en individualiserad shoppingupplevelse och st\u00f6der f\u00f6rs\u00e4ljningen av relevanta produktgrupper.<\/p>\t\t\t\t\t\t\t\t<\/div>\n\t\t\t\t<\/div>\n\t\t\t\t<div class=\"elementor-element elementor-element-72e1abb elementor-widget elementor-widget-text-editor\" data-id=\"72e1abb\" data-element_type=\"widget\" data-e-type=\"widget\" data-widget_type=\"text-editor.default\">\n\t\t\t\t<div class=\"elementor-widget-container\">\n\t\t\t\t\t\t\t\t\t<p>Online Software AG \u00e4r din starka partner f\u00f6r POS-marknadsf\u00f6ringsl\u00f6sningar. V\u00e5ra <a title=\"Programvara f\u00f6r POS-marknadsf\u00f6ring\" href=\"\/sv\/programvara\/\"><span style=\"text-decoration: underline;\">Programvara f\u00f6r POS-marknadsf\u00f6ring<\/span><\/a> PRESTIGEenterprise st\u00f6der dig med f\u00f6ljande funktioner:<\/p><ul><li><p>- <span style=\"text-decoration: underline;\"><a title=\"POS-l\u00f6sningar\" href=\"\/sv\/loesningar\/\">POS-l\u00f6sningar<\/a><\/span><\/p><\/li><li><p>- <span style=\"text-decoration: underline;\"><a title=\"L\u00f6sningar f\u00f6r digital skyltning\" href=\"\/sv\/loesningar\/digital-skyltning\/\">L\u00f6sningar f\u00f6r digital skyltning<\/a><\/span><\/p><\/li><li><p>- L\u00f6sningar f\u00f6r <span style=\"text-decoration: underline;\"><a title=\"digitala prislappar\" href=\"\/sv\/elektroniska-prislappar\/\">digitala prislappar<\/a><\/span> (ESL)<\/p><\/li><li><p>- <span style=\"text-decoration: underline;\"><a title=\"L\u00f6sningar f\u00f6r utskrift\" href=\"\/sv\/loesningar\/tryck\/\">L\u00f6sningar f\u00f6r utskrift<\/a><\/span><\/p><\/li><li><p>- <span style=\"text-decoration: underline;\"><a title=\"Mobila marknadsf\u00f6ringsl\u00f6sningar\" href=\"\/sv\/loesningar\/mobil\/\">Mobila marknadsf\u00f6ringsl\u00f6sningar<\/a><\/span><\/p><\/li><li><p>- <a title=\"Mediel\u00f6sningar f\u00f6r detaljhandeln\" href=\"\/sv\/detaljhandel-media\/\"><span style=\"text-decoration: underline;\">Mediel\u00f6sningar f\u00f6r detaljhandeln<\/span><\/a><\/p><\/li><\/ul>\t\t\t\t\t\t\t\t<\/div>\n\t\t\t\t<\/div>\n\t\t\t\t\t<\/div>\n\t\t<\/div>\n\t\t\t\t\t<\/div>\n\t\t<\/section>\n\t\t\t\t<section class=\"elementor-section elementor-top-section elementor-element elementor-element-043bf5e elementor-section-full_width wrapper-wide section-normal elementor-section-height-default elementor-section-height-default default\" data-id=\"043bf5e\" data-element_type=\"section\" data-e-type=\"section\">\n\t\t\t\t\t\t<div class=\"elementor-container elementor-column-gap-no\">\n\t\t\t\t\t<div class=\"elementor-column elementor-col-100 elementor-top-column elementor-element elementor-element-46dfce5\" data-id=\"46dfce5\" data-element_type=\"column\" data-e-type=\"column\">\n\t\t\t<div class=\"elementor-widget-wrap\">\n\t\t\t\t\t\t\t<\/div>\n\t\t<\/div>\n\t\t\t\t\t<\/div>\n\t\t<\/section>\n\t\t\t\t<section class=\"elementor-section elementor-top-section elementor-element elementor-element-76a88c2 wrapper-wide section-normal elementor-section-boxed elementor-section-height-default elementor-section-height-default default\" data-id=\"76a88c2\" data-element_type=\"section\" data-e-type=\"section\" data-settings=\"{&quot;background_background&quot;:&quot;classic&quot;}\">\n\t\t\t\t\t\t<div class=\"elementor-container elementor-column-gap-no\">\n\t\t\t\t\t<div class=\"elementor-column elementor-col-100 elementor-top-column elementor-element elementor-element-86c5345\" data-id=\"86c5345\" data-element_type=\"column\" data-e-type=\"column\">\n\t\t\t<div class=\"elementor-widget-wrap elementor-element-populated\">\n\t\t\t\t\t\t<div class=\"elementor-element elementor-element-1e0ab76 elementor-widget elementor-widget-heading\" data-id=\"1e0ab76\" data-element_type=\"widget\" data-e-type=\"widget\" data-widget_type=\"heading.default\">\n\t\t\t\t<div class=\"elementor-widget-container\">\n\t\t\t\t\t<h3 class=\"elementor-heading-title elementor-size-default\">Du \u00e4r intresserad av <br>kommunikation vid POS? <\/h3>\t\t\t\t<\/div>\n\t\t\t\t<\/div>\n\t\t\t\t<div class=\"elementor-element elementor-element-5f7bf4a elementor-widget elementor-widget-naylabutton\" data-id=\"5f7bf4a\" data-element_type=\"widget\" data-e-type=\"widget\" data-widget_type=\"naylabutton.default\">\n\t\t\t\t<div class=\"elementor-widget-container\">\n\t\t\t\t\t\n\n<!--  Button -->\n<div class=\"nayla-button fill icon-right  cursor-default\" >\n\n    <span class=\"left-icon\"><i aria-hidden=\"true\" class=\"material-icons md-arrow_outward\" data-md-icon=\"arrow_outward\"><\/i><\/span>\n\n    <a target=\"_self\" href=\"https:\/\/online-software-ag.com\/sv\/registrering-av-nyhetsbrev\/\">Prenumerera p\u00e5 nyhetsbrevet nu<\/a>\n\n    <span class=\"right-icon\"><i aria-hidden=\"true\" class=\"material-icons md-arrow_outward\" data-md-icon=\"arrow_outward\"><\/i><\/span>\n\n<\/div>\n<!--\/ Button -->\n\n\n\t\t\t\t<\/div>\n\t\t\t\t<\/div>\n\t\t\t\t\t<\/div>\n\t\t<\/div>\n\t\t\t\t\t<\/div>\n\t\t<\/section>\n\t\t\t\t<section class=\"elementor-section elementor-top-section elementor-element elementor-element-55d91a3 wrapper-wide section-normal elementor-section-boxed elementor-section-height-default elementor-section-height-default default\" data-id=\"55d91a3\" data-element_type=\"section\" data-e-type=\"section\">\n\t\t\t\t\t\t<div class=\"elementor-container elementor-column-gap-default\">\n\t\t\t\t\t<div class=\"elementor-column elementor-col-100 elementor-top-column elementor-element elementor-element-72407ca\" data-id=\"72407ca\" data-element_type=\"column\" data-e-type=\"column\">\n\t\t\t<div class=\"elementor-widget-wrap\">\n\t\t\t\t\t\t\t<\/div>\n\t\t<\/div>\n\t\t\t\t\t<\/div>\n\t\t<\/section>\n\t\t\t\t<\/div>","protected":false},"excerpt":{"rendered":"<p>POS Lexikon Produktempfehlungen Produktempfehlungen am Point of Sale dienen dazu, Kunden gezielt auf Artikel hinzuweisen, die besonders interessant, neu oder preiswert sind oder einen bereits gekauften Artikel erg&auml;nzen. Diese Empfehlungen [&hellip;]<\/p>\n","protected":false},"author":6,"featured_media":0,"parent":75424,"menu_order":0,"comment_status":"closed","ping_status":"closed","template":"elementor_header_footer","meta":{"_acf_changed":false,"footnotes":""},"class_list":["post-76404","page","type-page","status-publish","hentry"],"acf":[],"yoast_head":"<!-- This site is optimized with the Yoast SEO plugin v27.1.1 - https:\/\/yoast.com\/product\/yoast-seo-wordpress\/ -->\n<title>Produktempfehlungen - Online Software AG<\/title>\n<meta name=\"robots\" content=\"index, follow, max-snippet:-1, max-image-preview:large, max-video-preview:-1\" \/>\n<link rel=\"canonical\" href=\"https:\/\/online-software-ag.com\/sv\/lexikon\/produktrekommendationer\/\" \/>\n<meta property=\"og:locale\" content=\"sv_SE\" \/>\n<meta property=\"og:type\" content=\"article\" \/>\n<meta property=\"og:title\" content=\"Produktempfehlungen - Online Software AG\" \/>\n<meta property=\"og:description\" content=\"POS Lexikon Produktempfehlungen Produktempfehlungen am Point of Sale dienen dazu, Kunden gezielt auf Artikel hinzuweisen, die besonders interessant, neu oder preiswert sind oder einen bereits gekauften Artikel erg&auml;nzen. Diese Empfehlungen [&hellip;]\" \/>\n<meta property=\"og:url\" content=\"https:\/\/online-software-ag.com\/sv\/lexikon\/produktrekommendationer\/\" \/>\n<meta property=\"og:site_name\" content=\"Online Software AG\" \/>\n<meta property=\"article:modified_time\" content=\"2025-11-05T13:46:48+00:00\" \/>\n<meta name=\"twitter:card\" content=\"summary_large_image\" \/>\n<meta name=\"twitter:label1\" content=\"Ber\u00e4knad l\u00e4stid\" \/>\n\t<meta name=\"twitter:data1\" content=\"1 minut\" \/>\n<script type=\"application\/ld+json\" class=\"yoast-schema-graph\">{\"@context\":\"https:\/\/schema.org\",\"@graph\":[{\"@type\":\"WebPage\",\"@id\":\"https:\/\/online-software-ag.com\/lexikon\/produktempfehlungen\/\",\"url\":\"https:\/\/online-software-ag.com\/lexikon\/produktempfehlungen\/\",\"name\":\"Produktempfehlungen - Online Software AG\",\"isPartOf\":{\"@id\":\"https:\/\/online-software-ag.com\/#website\"},\"datePublished\":\"2025-11-05T13:46:23+00:00\",\"dateModified\":\"2025-11-05T13:46:48+00:00\",\"breadcrumb\":{\"@id\":\"https:\/\/online-software-ag.com\/lexikon\/produktempfehlungen\/#breadcrumb\"},\"inLanguage\":\"sv-SE\",\"potentialAction\":[{\"@type\":\"ReadAction\",\"target\":[\"https:\/\/online-software-ag.com\/lexikon\/produktempfehlungen\/\"]}]},{\"@type\":\"BreadcrumbList\",\"@id\":\"https:\/\/online-software-ag.com\/lexikon\/produktempfehlungen\/#breadcrumb\",\"itemListElement\":[{\"@type\":\"ListItem\",\"position\":1,\"name\":\"Startseite\",\"item\":\"https:\/\/online-software-ag.com\/\"},{\"@type\":\"ListItem\",\"position\":2,\"name\":\"Lexikon\",\"item\":\"https:\/\/online-software-ag.com\/lexikon\/\"},{\"@type\":\"ListItem\",\"position\":3,\"name\":\"Produktempfehlungen\"}]},{\"@type\":\"WebSite\",\"@id\":\"https:\/\/online-software-ag.com\/#website\",\"url\":\"https:\/\/online-software-ag.com\/\",\"name\":\"Online Software AG\",\"description\":\"\",\"publisher\":{\"@id\":\"https:\/\/online-software-ag.com\/#organization\"},\"potentialAction\":[{\"@type\":\"SearchAction\",\"target\":{\"@type\":\"EntryPoint\",\"urlTemplate\":\"https:\/\/online-software-ag.com\/?s={search_term_string}\"},\"query-input\":{\"@type\":\"PropertyValueSpecification\",\"valueRequired\":true,\"valueName\":\"search_term_string\"}}],\"inLanguage\":\"sv-SE\"},{\"@type\":\"Organization\",\"@id\":\"https:\/\/online-software-ag.com\/#organization\",\"name\":\"Online Software AG\",\"url\":\"https:\/\/online-software-ag.com\/\",\"logo\":{\"@type\":\"ImageObject\",\"inLanguage\":\"sv-SE\",\"@id\":\"https:\/\/online-software-ag.com\/#\/schema\/logo\/image\/\",\"url\":\"https:\/\/online-software-ag.com\/wp-content\/uploads\/2023\/08\/OSAG_Logo_RGB_mit_Firmenname.png\",\"contentUrl\":\"https:\/\/online-software-ag.com\/wp-content\/uploads\/2023\/08\/OSAG_Logo_RGB_mit_Firmenname.png\",\"width\":1469,\"height\":874,\"caption\":\"Online Software AG\"},\"image\":{\"@id\":\"https:\/\/online-software-ag.com\/#\/schema\/logo\/image\/\"}}]}<\/script>\n<!-- \/ Yoast SEO plugin. -->","yoast_head_json":{"title":"Produktrekommendationer - Online Software AG","robots":{"index":"index","follow":"follow","max-snippet":"max-snippet:-1","max-image-preview":"max-image-preview:large","max-video-preview":"max-video-preview:-1"},"canonical":"https:\/\/online-software-ag.com\/sv\/lexikon\/produktrekommendationer\/","og_locale":"sv_SE","og_type":"article","og_title":"Produktempfehlungen - Online Software AG","og_description":"POS Lexikon Produktempfehlungen Produktempfehlungen am Point of Sale dienen dazu, Kunden gezielt auf Artikel hinzuweisen, die besonders interessant, neu oder preiswert sind oder einen bereits gekauften Artikel erg&auml;nzen. Diese Empfehlungen [&hellip;]","og_url":"https:\/\/online-software-ag.com\/sv\/lexikon\/produktrekommendationer\/","og_site_name":"Online Software AG","article_modified_time":"2025-11-05T13:46:48+00:00","twitter_card":"summary_large_image","twitter_misc":{"Ber\u00e4knad l\u00e4stid":"1 minut"},"schema":{"@context":"https:\/\/schema.org","@graph":[{"@type":"WebPage","@id":"https:\/\/online-software-ag.com\/lexikon\/produktempfehlungen\/","url":"https:\/\/online-software-ag.com\/lexikon\/produktempfehlungen\/","name":"Produktrekommendationer - Online Software AG","isPartOf":{"@id":"https:\/\/online-software-ag.com\/#website"},"datePublished":"2025-11-05T13:46:23+00:00","dateModified":"2025-11-05T13:46:48+00:00","breadcrumb":{"@id":"https:\/\/online-software-ag.com\/lexikon\/produktempfehlungen\/#breadcrumb"},"inLanguage":"sv-SE","potentialAction":[{"@type":"ReadAction","target":["https:\/\/online-software-ag.com\/lexikon\/produktempfehlungen\/"]}]},{"@type":"BreadcrumbList","@id":"https:\/\/online-software-ag.com\/lexikon\/produktempfehlungen\/#breadcrumb","itemListElement":[{"@type":"ListItem","position":1,"name":"Startseite","item":"https:\/\/online-software-ag.com\/"},{"@type":"ListItem","position":2,"name":"Lexikon","item":"https:\/\/online-software-ag.com\/lexikon\/"},{"@type":"ListItem","position":3,"name":"Produktempfehlungen"}]},{"@type":"WebSite","@id":"https:\/\/online-software-ag.com\/#website","url":"https:\/\/online-software-ag.com\/","name":"Online Software AG","description":"","publisher":{"@id":"https:\/\/online-software-ag.com\/#organization"},"potentialAction":[{"@type":"SearchAction","target":{"@type":"EntryPoint","urlTemplate":"https:\/\/online-software-ag.com\/?s={search_term_string}"},"query-input":{"@type":"PropertyValueSpecification","valueRequired":true,"valueName":"search_term_string"}}],"inLanguage":"sv-SE"},{"@type":"Organization","@id":"https:\/\/online-software-ag.com\/#organization","name":"Online Software AG","url":"https:\/\/online-software-ag.com\/","logo":{"@type":"ImageObject","inLanguage":"sv-SE","@id":"https:\/\/online-software-ag.com\/#\/schema\/logo\/image\/","url":"https:\/\/online-software-ag.com\/wp-content\/uploads\/2023\/08\/OSAG_Logo_RGB_mit_Firmenname.png","contentUrl":"https:\/\/online-software-ag.com\/wp-content\/uploads\/2023\/08\/OSAG_Logo_RGB_mit_Firmenname.png","width":1469,"height":874,"caption":"Online Software AG"},"image":{"@id":"https:\/\/online-software-ag.com\/#\/schema\/logo\/image\/"}}]}},"_links":{"self":[{"href":"https:\/\/online-software-ag.com\/sv\/wp-json\/wp\/v2\/pages\/76404","targetHints":{"allow":["GET"]}}],"collection":[{"href":"https:\/\/online-software-ag.com\/sv\/wp-json\/wp\/v2\/pages"}],"about":[{"href":"https:\/\/online-software-ag.com\/sv\/wp-json\/wp\/v2\/types\/page"}],"author":[{"embeddable":true,"href":"https:\/\/online-software-ag.com\/sv\/wp-json\/wp\/v2\/users\/6"}],"replies":[{"embeddable":true,"href":"https:\/\/online-software-ag.com\/sv\/wp-json\/wp\/v2\/comments?post=76404"}],"version-history":[{"count":0,"href":"https:\/\/online-software-ag.com\/sv\/wp-json\/wp\/v2\/pages\/76404\/revisions"}],"up":[{"embeddable":true,"href":"https:\/\/online-software-ag.com\/sv\/wp-json\/wp\/v2\/pages\/75424"}],"wp:attachment":[{"href":"https:\/\/online-software-ag.com\/sv\/wp-json\/wp\/v2\/media?parent=76404"}],"curies":[{"name":"wp","href":"https:\/\/api.w.org\/{rel}","templated":true}]}}